{"id":101,"date":"2023-02-08T14:08:55","date_gmt":"2023-02-08T13:08:55","guid":{"rendered":"http:\/\/benjamindevineau.com\/?page_id=101"},"modified":"2025-06-10T19:51:18","modified_gmt":"2025-06-10T17:51:18","slug":"a-propos","status":"publish","type":"page","link":"http:\/\/benjamindevineau.com\/index.php\/a-propos\/","title":{"rendered":"\u00c0 PROPOS"},"content":{"rendered":"\t\t<div data-elementor-type=\"wp-page\" data-elementor-id=\"101\" class=\"elementor elementor-101\">\n\t\t\t\t\t\t<section class=\"elementor-section elementor-top-section elementor-element elementor-element-61ca3a2 elementor-section-boxed elementor-section-height-default elementor-section-height-default\" data-id=\"61ca3a2\" data-element_type=\"section\" data-e-type=\"section\">\n\t\t\t\t\t\t<div class=\"elementor-container elementor-column-gap-default\">\n\t\t\t\t\t<div class=\"elementor-column elementor-col-50 elementor-top-column elementor-element elementor-element-7773911\" data-id=\"7773911\" data-element_type=\"column\" data-e-type=\"column\">\n\t\t\t<div class=\"elementor-widget-wrap elementor-element-populated\">\n\t\t\t\t\t\t<div class=\"elementor-element elementor-element-13cf543 elementor-widget__width-initial elementor-widget-mobile__width-initial elementor-widget elementor-widget-image\" data-id=\"13cf543\" data-element_type=\"widget\" data-e-type=\"widget\" data-widget_type=\"image.default\">\n\t\t\t\t<div class=\"elementor-widget-container\">\n\t\t\t\t\t\t\t\t\t\t\t\t\t\t\t<img decoding=\"async\" src=\"http:\/\/benjamindevineau.com\/wp-content\/uploads\/2025\/06\/image00140-rotated.jpeg\" title=\"image00140\" alt=\"image00140\" loading=\"lazy\" \/>\t\t\t\t\t\t\t\t\t\t\t\t\t\t\t<\/div>\n\t\t\t\t<\/div>\n\t\t\t\t\t<\/div>\n\t\t<\/div>\n\t\t\t\t<div class=\"elementor-column elementor-col-50 elementor-top-column elementor-element elementor-element-181ccbd\" data-id=\"181ccbd\" data-element_type=\"column\" data-e-type=\"column\">\n\t\t\t<div class=\"elementor-widget-wrap elementor-element-populated\">\n\t\t\t\t\t\t<div class=\"elementor-element elementor-element-c349512 elementor-widget__width-initial elementor-widget-mobile__width-initial animated-slow elementor-widget elementor-widget-text-editor\" data-id=\"c349512\" data-element_type=\"widget\" data-e-type=\"widget\" data-settings=\"{&quot;_animation&quot;:&quot;none&quot;}\" data-widget_type=\"text-editor.default\">\n\t\t\t\t<div class=\"elementor-widget-container\">\n\t\t\t\t\t\t\t\t\t<p style=\"text-align: left;\">Hello, je m&rsquo;appelle benjamin devineau et je suis c\u00e9ramiste en bourgogne, France.<\/p><p>j&rsquo;ai d\u00e9couvert la poterie il y a d\u00e9j\u00e0 quelques ann\u00e9es mais c&rsquo;est en 2019 que je d\u00e9cide d&rsquo;en faire mon m\u00e9tier.<\/p><p>Install\u00e9 dans un petit atelier \u00e0 Joigny au nord de la bourgogne, \u00e0 1h30 de paris, c&rsquo;est ici que je dessine, fa\u00e7onne et cuis chacune de mes cr\u00e9ations.<\/p><p>Ce cr\u00e9e des pi\u00e8ces pour vous accompagner au quotidien et embellir votre int\u00e9rieur.<\/p><p>Soucieux des mati\u00e8res utilis\u00e9es ainsi que de leurs provenances, je fais le choix de travailler des gr\u00e8s locaux (Puisaye) qui se verront recouverts d&rsquo;\u00e9maux issus de recherches personnelles via l&rsquo;ocre de bourgogne par exemple.<\/p><p>mon atelier se situe<\/p><p>10 rue montant au palais 89300 JOIGNY\u00a0<\/p><p>Bourgone \u00e0 1H30 de paris<\/p><p style=\"text-align: left;\">Pour toutes questions, demandes ou collaborations, <span style=\"text-decoration: underline;\"><a href=\"http:\/\/benjamindevineau.com\/index.php\/contact\/\">contactez moi<br \/><\/a><\/span><\/p><p style=\"text-align: center;\"><span style=\"text-decoration: underline;\"><a href=\"http:\/\/benjamindevineau.com\/index.php\/contact\/\">\u00a0<\/a><\/span><\/p><p style=\"text-align: center;\">\ud83d\ude42<\/p>\t\t\t\t\t\t\t\t<\/div>\n\t\t\t\t<\/div>\n\t\t\t\t\t<\/div>\n\t\t<\/div>\n\t\t\t\t\t<\/div>\n\t\t<\/section>\n\t\t\t\t<section class=\"elementor-section elementor-top-section elementor-element elementor-element-046ae29 elementor-section-boxed elementor-section-height-default elementor-section-height-default\" data-id=\"046ae29\" data-element_type=\"section\" data-e-type=\"section\">\n\t\t\t\t\t\t<div class=\"elementor-container elementor-column-gap-default\">\n\t\t\t\t\t<div class=\"elementor-column elementor-col-100 elementor-top-column elementor-element elementor-element-1993393\" data-id=\"1993393\" data-element_type=\"column\" data-e-type=\"column\">\n\t\t\t<div class=\"elementor-widget-wrap elementor-element-populated\">\n\t\t\t\t\t\t<div class=\"elementor-element elementor-element-3e6a339 elementor-widget elementor-widget-spacer\" data-id=\"3e6a339\" data-element_type=\"widget\" data-e-type=\"widget\" data-widget_type=\"spacer.default\">\n\t\t\t\t<div class=\"elementor-widget-container\">\n\t\t\t\t\t\t\t<div class=\"elementor-spacer\">\n\t\t\t<div class=\"elementor-spacer-inner\"><\/div>\n\t\t<\/div>\n\t\t\t\t\t\t<\/div>\n\t\t\t\t<\/div>\n\t\t\t\t\t<\/div>\n\t\t<\/div>\n\t\t\t\t\t<\/div>\n\t\t<\/section>\n\t\t\t\t<section class=\"elementor-section elementor-top-section elementor-element elementor-element-0560fc8 elementor-section-boxed elementor-section-height-default elementor-section-height-default\" data-id=\"0560fc8\" data-element_type=\"section\" data-e-type=\"section\">\n\t\t\t\t\t\t<div class=\"elementor-container elementor-column-gap-default\">\n\t\t\t\t\t<div class=\"elementor-column elementor-col-25 elementor-top-column elementor-element elementor-element-150b09c\" data-id=\"150b09c\" data-element_type=\"column\" data-e-type=\"column\">\n\t\t\t<div class=\"elementor-widget-wrap elementor-element-populated\">\n\t\t\t\t\t\t<div class=\"elementor-element elementor-element-c352cfd elementor-widget elementor-widget-image\" data-id=\"c352cfd\" data-element_type=\"widget\" data-e-type=\"widget\" data-widget_type=\"image.default\">\n\t\t\t\t<div class=\"elementor-widget-container\">\n\t\t\t\t\t\t\t\t\t\t\t\t\t\t\t<img fetchpriority=\"high\" decoding=\"async\" width=\"544\" height=\"726\" src=\"http:\/\/benjamindevineau.com\/wp-content\/uploads\/2023\/02\/0.jpg\" class=\"attachment-large size-large wp-image-136\" alt=\"\" srcset=\"http:\/\/benjamindevineau.com\/wp-content\/uploads\/2023\/02\/0.jpg 544w, http:\/\/benjamindevineau.com\/wp-content\/uploads\/2023\/02\/0-225x300.jpg 225w, http:\/\/benjamindevineau.com\/wp-content\/uploads\/2023\/02\/0-230x307.jpg 230w, http:\/\/benjamindevineau.com\/wp-content\/uploads\/2023\/02\/0-350x467.jpg 350w, http:\/\/benjamindevineau.com\/wp-content\/uploads\/2023\/02\/0-480x641.jpg 480w\" sizes=\"(max-width: 544px) 100vw, 544px\" \/>\t\t\t\t\t\t\t\t\t\t\t\t\t\t\t<\/div>\n\t\t\t\t<\/div>\n\t\t\t\t\t<\/div>\n\t\t<\/div>\n\t\t\t\t<div class=\"elementor-column elementor-col-25 elementor-top-column elementor-element elementor-element-54db843\" data-id=\"54db843\" data-element_type=\"column\" data-e-type=\"column\">\n\t\t\t<div class=\"elementor-widget-wrap elementor-element-populated\">\n\t\t\t\t\t\t<div class=\"elementor-element elementor-element-c185fbb elementor-widget elementor-widget-image\" data-id=\"c185fbb\" data-element_type=\"widget\" data-e-type=\"widget\" data-widget_type=\"image.default\">\n\t\t\t\t<div class=\"elementor-widget-container\">\n\t\t\t\t\t\t\t\t\t\t\t\t\t\t\t<img decoding=\"async\" width=\"635\" height=\"1024\" src=\"http:\/\/benjamindevineau.com\/wp-content\/uploads\/2023\/03\/DSF0926bis-1-635x1024.jpg\" class=\"attachment-large size-large wp-image-330\" alt=\"\" srcset=\"http:\/\/benjamindevineau.com\/wp-content\/uploads\/2023\/03\/DSF0926bis-1-635x1024.jpg 635w, http:\/\/benjamindevineau.com\/wp-content\/uploads\/2023\/03\/DSF0926bis-1-800x1290.jpg 800w, http:\/\/benjamindevineau.com\/wp-content\/uploads\/2023\/03\/DSF0926bis-1-186x300.jpg 186w, http:\/\/benjamindevineau.com\/wp-content\/uploads\/2023\/03\/DSF0926bis-1-768x1239.jpg 768w, http:\/\/benjamindevineau.com\/wp-content\/uploads\/2023\/03\/DSF0926bis-1-952x1536.jpg 952w, http:\/\/benjamindevineau.com\/wp-content\/uploads\/2023\/03\/DSF0926bis-1-230x371.jpg 230w, http:\/\/benjamindevineau.com\/wp-content\/uploads\/2023\/03\/DSF0926bis-1-350x565.jpg 350w, http:\/\/benjamindevineau.com\/wp-content\/uploads\/2023\/03\/DSF0926bis-1-480x774.jpg 480w, http:\/\/benjamindevineau.com\/wp-content\/uploads\/2023\/03\/DSF0926bis-1.jpg 1000w\" sizes=\"(max-width: 635px) 100vw, 635px\" \/>\t\t\t\t\t\t\t\t\t\t\t\t\t\t\t<\/div>\n\t\t\t\t<\/div>\n\t\t\t\t\t<\/div>\n\t\t<\/div>\n\t\t\t\t<div class=\"elementor-column elementor-col-25 elementor-top-column elementor-element elementor-element-ea4653d\" data-id=\"ea4653d\" data-element_type=\"column\" data-e-type=\"column\">\n\t\t\t<div class=\"elementor-widget-wrap elementor-element-populated\">\n\t\t\t\t\t\t<div class=\"elementor-element elementor-element-0307110 elementor-widget elementor-widget-image\" data-id=\"0307110\" data-element_type=\"widget\" data-e-type=\"widget\" data-widget_type=\"image.default\">\n\t\t\t\t<div class=\"elementor-widget-container\">\n\t\t\t\t\t\t\t\t\t\t\t\t\t\t\t<img decoding=\"async\" width=\"768\" height=\"1024\" src=\"http:\/\/benjamindevineau.com\/wp-content\/uploads\/2023\/03\/PHOTO-2022-11-17-09-43-39-768x1024.jpg\" class=\"attachment-large size-large wp-image-355\" alt=\"\" srcset=\"http:\/\/benjamindevineau.com\/wp-content\/uploads\/2023\/03\/PHOTO-2022-11-17-09-43-39-768x1024.jpg 768w, http:\/\/benjamindevineau.com\/wp-content\/uploads\/2023\/03\/PHOTO-2022-11-17-09-43-39-800x1067.jpg 800w, http:\/\/benjamindevineau.com\/wp-content\/uploads\/2023\/03\/PHOTO-2022-11-17-09-43-39-225x300.jpg 225w, http:\/\/benjamindevineau.com\/wp-content\/uploads\/2023\/03\/PHOTO-2022-11-17-09-43-39-1152x1536.jpg 1152w, http:\/\/benjamindevineau.com\/wp-content\/uploads\/2023\/03\/PHOTO-2022-11-17-09-43-39-1000x1333.jpg 1000w, http:\/\/benjamindevineau.com\/wp-content\/uploads\/2023\/03\/PHOTO-2022-11-17-09-43-39-230x307.jpg 230w, http:\/\/benjamindevineau.com\/wp-content\/uploads\/2023\/03\/PHOTO-2022-11-17-09-43-39-350x467.jpg 350w, http:\/\/benjamindevineau.com\/wp-content\/uploads\/2023\/03\/PHOTO-2022-11-17-09-43-39-480x640.jpg 480w, http:\/\/benjamindevineau.com\/wp-content\/uploads\/2023\/03\/PHOTO-2022-11-17-09-43-39.jpg 1536w\" sizes=\"(max-width: 768px) 100vw, 768px\" \/>\t\t\t\t\t\t\t\t\t\t\t\t\t\t\t<\/div>\n\t\t\t\t<\/div>\n\t\t\t\t\t<\/div>\n\t\t<\/div>\n\t\t\t\t<div class=\"elementor-column elementor-col-25 elementor-top-column elementor-element elementor-element-87505d2\" data-id=\"87505d2\" data-element_type=\"column\" data-e-type=\"column\">\n\t\t\t<div class=\"elementor-widget-wrap elementor-element-populated\">\n\t\t\t\t\t\t<div class=\"elementor-element elementor-element-fcd0877 elementor-widget elementor-widget-image\" data-id=\"fcd0877\" data-element_type=\"widget\" data-e-type=\"widget\" data-widget_type=\"image.default\">\n\t\t\t\t<div class=\"elementor-widget-container\">\n\t\t\t\t\t\t\t\t\t\t\t\t\t\t\t<img loading=\"lazy\" decoding=\"async\" width=\"768\" height=\"1024\" src=\"http:\/\/benjamindevineau.com\/wp-content\/uploads\/2023\/03\/IMG_3161-scaled.jpg\" class=\"attachment-large size-large wp-image-353\" alt=\"\" srcset=\"http:\/\/benjamindevineau.com\/wp-content\/uploads\/2023\/03\/IMG_3161-scaled.jpg 1920w, http:\/\/benjamindevineau.com\/wp-content\/uploads\/2023\/03\/IMG_3161-scaled-800x1067.jpg 800w, http:\/\/benjamindevineau.com\/wp-content\/uploads\/2023\/03\/IMG_3161-225x300.jpg 225w\" sizes=\"(max-width: 768px) 100vw, 768px\" \/>\t\t\t\t\t\t\t\t\t\t\t\t\t\t\t<\/div>\n\t\t\t\t<\/div>\n\t\t\t\t\t<\/div>\n\t\t<\/div>\n\t\t\t\t\t<\/div>\n\t\t<\/section>\n\t\t\t\t<\/div>\n\t\t","protected":false},"excerpt":{"rendered":"<p>Hello, je m&rsquo;appelle benjamin devineau et je suis c\u00e9ramiste en bourgogne, France. j&rsquo;ai d\u00e9couvert la poterie il y a d\u00e9j\u00e0 quelques ann\u00e9es [&hellip;]<\/p>\n","protected":false},"author":1,"featured_media":0,"parent":0,"menu_order":0,"comment_status":"closed","ping_status":"closed","template":"","meta":{"footnotes":""},"class_list":["post-101","page","type-page","status-publish","hentry"],"yoast_head":"<!-- This site is optimized with the Yoast SEO plugin v27.4 - https:\/\/yoast.com\/product\/yoast-seo-wordpress\/ -->\n<title>\u00c0 PROPOS |<\/title>\n<meta name=\"robots\" content=\"index, follow, max-snippet:-1, max-image-preview:large, max-video-preview:-1\" \/>\n<link rel=\"canonical\" href=\"http:\/\/benjamindevineau.com\/index.php\/a-propos\/\" \/>\n<meta property=\"og:locale\" content=\"fr_FR\" \/>\n<meta property=\"og:type\" content=\"article\" \/>\n<meta property=\"og:title\" content=\"\u00c0 PROPOS |\" \/>\n<meta property=\"og:description\" content=\"Hello, je m&rsquo;appelle benjamin devineau et je suis c\u00e9ramiste en bourgogne, France. j&rsquo;ai d\u00e9couvert la poterie il y a d\u00e9j\u00e0 quelques ann\u00e9es [&hellip;]\" \/>\n<meta property=\"og:url\" content=\"http:\/\/benjamindevineau.com\/index.php\/a-propos\/\" \/>\n<meta property=\"article:modified_time\" content=\"2025-06-10T17:51:18+00:00\" \/>\n<meta property=\"og:image\" content=\"http:\/\/benjamindevineau.com\/wp-content\/uploads\/2025\/06\/image00140-rotated.jpeg\" \/>\n<meta name=\"twitter:card\" content=\"summary_large_image\" \/>\n<meta name=\"twitter:label1\" content=\"Dur\u00e9e de lecture estim\u00e9e\" \/>\n\t<meta name=\"twitter:data1\" content=\"2 minutes\" \/>\n<script type=\"application\/ld+json\" class=\"yoast-schema-graph\">{\"@context\":\"https:\\\/\\\/schema.org\",\"@graph\":[{\"@type\":\"WebPage\",\"@id\":\"http:\\\/\\\/benjamindevineau.com\\\/index.php\\\/a-propos\\\/\",\"url\":\"http:\\\/\\\/benjamindevineau.com\\\/index.php\\\/a-propos\\\/\",\"name\":\"\u00c0 PROPOS |\",\"isPartOf\":{\"@id\":\"https:\\\/\\\/benjamindevineau.com\\\/#website\"},\"primaryImageOfPage\":{\"@id\":\"http:\\\/\\\/benjamindevineau.com\\\/index.php\\\/a-propos\\\/#primaryimage\"},\"image\":{\"@id\":\"http:\\\/\\\/benjamindevineau.com\\\/index.php\\\/a-propos\\\/#primaryimage\"},\"thumbnailUrl\":\"http:\\\/\\\/benjamindevineau.com\\\/wp-content\\\/uploads\\\/2025\\\/06\\\/image00140-rotated.jpeg\",\"datePublished\":\"2023-02-08T13:08:55+00:00\",\"dateModified\":\"2025-06-10T17:51:18+00:00\",\"breadcrumb\":{\"@id\":\"http:\\\/\\\/benjamindevineau.com\\\/index.php\\\/a-propos\\\/#breadcrumb\"},\"inLanguage\":\"fr-FR\",\"potentialAction\":[{\"@type\":\"ReadAction\",\"target\":[\"http:\\\/\\\/benjamindevineau.com\\\/index.php\\\/a-propos\\\/\"]}]},{\"@type\":\"ImageObject\",\"inLanguage\":\"fr-FR\",\"@id\":\"http:\\\/\\\/benjamindevineau.com\\\/index.php\\\/a-propos\\\/#primaryimage\",\"url\":\"http:\\\/\\\/benjamindevineau.com\\\/wp-content\\\/uploads\\\/2025\\\/06\\\/image00140-rotated.jpeg\",\"contentUrl\":\"http:\\\/\\\/benjamindevineau.com\\\/wp-content\\\/uploads\\\/2025\\\/06\\\/image00140-rotated.jpeg\"},{\"@type\":\"BreadcrumbList\",\"@id\":\"http:\\\/\\\/benjamindevineau.com\\\/index.php\\\/a-propos\\\/#breadcrumb\",\"itemListElement\":[{\"@type\":\"ListItem\",\"position\":1,\"name\":\"Accueil\",\"item\":\"http:\\\/\\\/benjamindevineau.com\\\/\"},{\"@type\":\"ListItem\",\"position\":2,\"name\":\"\u00c0 PROPOS\"}]},{\"@type\":\"WebSite\",\"@id\":\"https:\\\/\\\/benjamindevineau.com\\\/#website\",\"url\":\"https:\\\/\\\/benjamindevineau.com\\\/\",\"name\":\"benjamindevineau.com\",\"description\":\"\",\"publisher\":{\"@id\":\"https:\\\/\\\/benjamindevineau.com\\\/#\\\/schema\\\/person\\\/10cb55af53fa011ef0f109f22994687d\"},\"alternateName\":\"benjamin devineau\",\"potentialAction\":[{\"@type\":\"SearchAction\",\"target\":{\"@type\":\"EntryPoint\",\"urlTemplate\":\"https:\\\/\\\/benjamindevineau.com\\\/?s={search_term_string}\"},\"query-input\":{\"@type\":\"PropertyValueSpecification\",\"valueRequired\":true,\"valueName\":\"search_term_string\"}}],\"inLanguage\":\"fr-FR\"},{\"@type\":[\"Person\",\"Organization\"],\"@id\":\"https:\\\/\\\/benjamindevineau.com\\\/#\\\/schema\\\/person\\\/10cb55af53fa011ef0f109f22994687d\",\"name\":\"benjamindevineau\",\"image\":{\"@type\":\"ImageObject\",\"inLanguage\":\"fr-FR\",\"@id\":\"http:\\\/\\\/benjamindevineau.com\\\/wp-content\\\/uploads\\\/2023\\\/02\\\/Capture-decran-2023-02-27-a-21.38.42.png\",\"url\":\"http:\\\/\\\/benjamindevineau.com\\\/wp-content\\\/uploads\\\/2023\\\/02\\\/Capture-decran-2023-02-27-a-21.38.42.png\",\"contentUrl\":\"http:\\\/\\\/benjamindevineau.com\\\/wp-content\\\/uploads\\\/2023\\\/02\\\/Capture-decran-2023-02-27-a-21.38.42.png\",\"width\":970,\"height\":686,\"caption\":\"benjamindevineau\"},\"logo\":{\"@id\":\"http:\\\/\\\/benjamindevineau.com\\\/wp-content\\\/uploads\\\/2023\\\/02\\\/Capture-decran-2023-02-27-a-21.38.42.png\"},\"sameAs\":[\"http:\\\/\\\/benjamindevineau.com\"]}]}<\/script>\n<!-- \/ Yoast SEO plugin. -->","yoast_head_json":{"title":"\u00c0 PROPOS |","robots":{"index":"index","follow":"follow","max-snippet":"max-snippet:-1","max-image-preview":"max-image-preview:large","max-video-preview":"max-video-preview:-1"},"canonical":"http:\/\/benjamindevineau.com\/index.php\/a-propos\/","og_locale":"fr_FR","og_type":"article","og_title":"\u00c0 PROPOS |","og_description":"Hello, je m&rsquo;appelle benjamin devineau et je suis c\u00e9ramiste en bourgogne, France. j&rsquo;ai d\u00e9couvert la poterie il y a d\u00e9j\u00e0 quelques ann\u00e9es [&hellip;]","og_url":"http:\/\/benjamindevineau.com\/index.php\/a-propos\/","article_modified_time":"2025-06-10T17:51:18+00:00","og_image":[{"url":"http:\/\/benjamindevineau.com\/wp-content\/uploads\/2025\/06\/image00140-rotated.jpeg","type":"","width":"","height":""}],"twitter_card":"summary_large_image","twitter_misc":{"Dur\u00e9e de lecture estim\u00e9e":"2 minutes"},"schema":{"@context":"https:\/\/schema.org","@graph":[{"@type":"WebPage","@id":"http:\/\/benjamindevineau.com\/index.php\/a-propos\/","url":"http:\/\/benjamindevineau.com\/index.php\/a-propos\/","name":"\u00c0 PROPOS |","isPartOf":{"@id":"https:\/\/benjamindevineau.com\/#website"},"primaryImageOfPage":{"@id":"http:\/\/benjamindevineau.com\/index.php\/a-propos\/#primaryimage"},"image":{"@id":"http:\/\/benjamindevineau.com\/index.php\/a-propos\/#primaryimage"},"thumbnailUrl":"http:\/\/benjamindevineau.com\/wp-content\/uploads\/2025\/06\/image00140-rotated.jpeg","datePublished":"2023-02-08T13:08:55+00:00","dateModified":"2025-06-10T17:51:18+00:00","breadcrumb":{"@id":"http:\/\/benjamindevineau.com\/index.php\/a-propos\/#breadcrumb"},"inLanguage":"fr-FR","potentialAction":[{"@type":"ReadAction","target":["http:\/\/benjamindevineau.com\/index.php\/a-propos\/"]}]},{"@type":"ImageObject","inLanguage":"fr-FR","@id":"http:\/\/benjamindevineau.com\/index.php\/a-propos\/#primaryimage","url":"http:\/\/benjamindevineau.com\/wp-content\/uploads\/2025\/06\/image00140-rotated.jpeg","contentUrl":"http:\/\/benjamindevineau.com\/wp-content\/uploads\/2025\/06\/image00140-rotated.jpeg"},{"@type":"BreadcrumbList","@id":"http:\/\/benjamindevineau.com\/index.php\/a-propos\/#breadcrumb","itemListElement":[{"@type":"ListItem","position":1,"name":"Accueil","item":"http:\/\/benjamindevineau.com\/"},{"@type":"ListItem","position":2,"name":"\u00c0 PROPOS"}]},{"@type":"WebSite","@id":"https:\/\/benjamindevineau.com\/#website","url":"https:\/\/benjamindevineau.com\/","name":"benjamindevineau.com","description":"","publisher":{"@id":"https:\/\/benjamindevineau.com\/#\/schema\/person\/10cb55af53fa011ef0f109f22994687d"},"alternateName":"benjamin devineau","potentialAction":[{"@type":"SearchAction","target":{"@type":"EntryPoint","urlTemplate":"https:\/\/benjamindevineau.com\/?s={search_term_string}"},"query-input":{"@type":"PropertyValueSpecification","valueRequired":true,"valueName":"search_term_string"}}],"inLanguage":"fr-FR"},{"@type":["Person","Organization"],"@id":"https:\/\/benjamindevineau.com\/#\/schema\/person\/10cb55af53fa011ef0f109f22994687d","name":"benjamindevineau","image":{"@type":"ImageObject","inLanguage":"fr-FR","@id":"http:\/\/benjamindevineau.com\/wp-content\/uploads\/2023\/02\/Capture-decran-2023-02-27-a-21.38.42.png","url":"http:\/\/benjamindevineau.com\/wp-content\/uploads\/2023\/02\/Capture-decran-2023-02-27-a-21.38.42.png","contentUrl":"http:\/\/benjamindevineau.com\/wp-content\/uploads\/2023\/02\/Capture-decran-2023-02-27-a-21.38.42.png","width":970,"height":686,"caption":"benjamindevineau"},"logo":{"@id":"http:\/\/benjamindevineau.com\/wp-content\/uploads\/2023\/02\/Capture-decran-2023-02-27-a-21.38.42.png"},"sameAs":["http:\/\/benjamindevineau.com"]}]}},"jetpack_sharing_enabled":true,"_links":{"self":[{"href":"http:\/\/benjamindevineau.com\/index.php\/wp-json\/wp\/v2\/pages\/101","targetHints":{"allow":["GET"]}}],"collection":[{"href":"http:\/\/benjamindevineau.com\/index.php\/wp-json\/wp\/v2\/pages"}],"about":[{"href":"http:\/\/benjamindevineau.com\/index.php\/wp-json\/wp\/v2\/types\/page"}],"author":[{"embeddable":true,"href":"http:\/\/benjamindevineau.com\/index.php\/wp-json\/wp\/v2\/users\/1"}],"replies":[{"embeddable":true,"href":"http:\/\/benjamindevineau.com\/index.php\/wp-json\/wp\/v2\/comments?post=101"}],"version-history":[{"count":35,"href":"http:\/\/benjamindevineau.com\/index.php\/wp-json\/wp\/v2\/pages\/101\/revisions"}],"predecessor-version":[{"id":788,"href":"http:\/\/benjamindevineau.com\/index.php\/wp-json\/wp\/v2\/pages\/101\/revisions\/788"}],"wp:attachment":[{"href":"http:\/\/benjamindevineau.com\/index.php\/wp-json\/wp\/v2\/media?parent=101"}],"curies":[{"name":"wp","href":"https:\/\/api.w.org\/{rel}","templated":true}]}}