{"id":744,"date":"2025-06-01T20:37:35","date_gmt":"2025-06-01T18:37:35","guid":{"rendered":"https:\/\/benjamindevineau.com\/?post_type=product&#038;p=744"},"modified":"2025-06-10T18:42:56","modified_gmt":"2025-06-10T16:42:56","slug":"ona-iii","status":"publish","type":"product","link":"http:\/\/benjamindevineau.com\/index.php\/produit\/ona-iii\/","title":{"rendered":"ONA III"},"content":{"rendered":"<div id=\"tab-description\" class=\"woocommerce-Tabs-panel woocommerce-Tabs-panel--description panel entry-content wc-tab\" role=\"tabpanel\" aria-labelledby=\"tab-title-description\">\n<p>Sculpture\/Vase en gr\u00e8s et int\u00e9rieur \u00e9maill\u00e9 transparent.<\/p>\n<p>La couleur et la mati\u00e8re nous rappellent le b\u00e9ton.<\/p>\n<p>Son graphisme fait r\u00e9f\u00e9rence au spatial et \u00e0 l\u2019architectural.<\/p>\n<p>Dim: H25 L14 \u220510<\/p>\n<p>Les dimensions peuvent varier.<\/p>\n<p>&nbsp;<\/p>\n<p>Ce mod\u00e8le est cr\u00e9\u00e9 en 8 exemplaires, chaque pi\u00e8ce est num\u00e9rot\u00e9e<\/p>\n<\/div>\n","protected":false},"excerpt":{"rendered":"<p>Sculpture\/Vase en gr\u00e8s et int\u00e9rieur \u00e9maill\u00e9 transparent. La couleur et la mati\u00e8re nous rappellent le b\u00e9ton. Son graphisme fait r\u00e9f\u00e9rence au spatial [&hellip;]<\/p>\n","protected":false},"featured_media":745,"comment_status":"open","ping_status":"closed","template":"","meta":[],"product_brand":[],"product_cat":[16],"product_tag":[],"class_list":{"0":"post-744","1":"product","2":"type-product","3":"status-publish","4":"has-post-thumbnail","6":"product_cat-non-classe","8":"first","9":"instock","10":"taxable","11":"shipping-taxable","12":"purchasable","13":"product-type-simple"},"yoast_head":"<!-- This site is optimized with the Yoast SEO plugin v27.4 - https:\/\/yoast.com\/product\/yoast-seo-wordpress\/ -->\n<title>ONA III |<\/title>\n<meta name=\"description\" content=\"Collection ONA, 5 mod\u00e8les en 8 exemplaires, pi\u00e8ces numerot\u00e9es. Vase c\u00e9ramique, sculpture en gr\u00e8s, couleur B\u00e9ton. Vase n\u00b0III de la Collection.\" \/>\n<meta name=\"robots\" content=\"index, follow, max-snippet:-1, max-image-preview:large, max-video-preview:-1\" \/>\n<link rel=\"canonical\" href=\"http:\/\/benjamindevineau.com\/index.php\/produit\/ona-iii\/\" \/>\n<meta property=\"og:locale\" content=\"fr_FR\" \/>\n<meta property=\"og:type\" content=\"article\" \/>\n<meta property=\"og:title\" content=\"ONA III |\" \/>\n<meta property=\"og:description\" content=\"Collection ONA, 5 mod\u00e8les en 8 exemplaires, pi\u00e8ces numerot\u00e9es. Vase c\u00e9ramique, sculpture en gr\u00e8s, couleur B\u00e9ton. Vase n\u00b0III de la Collection.\" \/>\n<meta property=\"og:url\" content=\"http:\/\/benjamindevineau.com\/index.php\/produit\/ona-iii\/\" \/>\n<meta property=\"article:modified_time\" content=\"2025-06-10T16:42:56+00:00\" \/>\n<meta property=\"og:image\" content=\"http:\/\/benjamindevineau.com\/wp-content\/uploads\/2025\/06\/image00031-scaled.jpeg\" \/>\n\t<meta property=\"og:image:width\" content=\"1920\" \/>\n\t<meta property=\"og:image:height\" content=\"2560\" \/>\n\t<meta property=\"og:image:type\" content=\"image\/jpeg\" \/>\n<meta name=\"twitter:card\" content=\"summary_large_image\" \/>\n<meta name=\"twitter:label1\" content=\"Dur\u00e9e de lecture estim\u00e9e\" \/>\n\t<meta name=\"twitter:data1\" content=\"1 minute\" \/>\n<script type=\"application\/ld+json\" class=\"yoast-schema-graph\">{\"@context\":\"https:\\\/\\\/schema.org\",\"@graph\":[{\"@type\":\"WebPage\",\"@id\":\"http:\\\/\\\/benjamindevineau.com\\\/index.php\\\/produit\\\/ona-iii\\\/\",\"url\":\"http:\\\/\\\/benjamindevineau.com\\\/index.php\\\/produit\\\/ona-iii\\\/\",\"name\":\"ONA III |\",\"isPartOf\":{\"@id\":\"https:\\\/\\\/benjamindevineau.com\\\/#website\"},\"primaryImageOfPage\":{\"@id\":\"http:\\\/\\\/benjamindevineau.com\\\/index.php\\\/produit\\\/ona-iii\\\/#primaryimage\"},\"image\":{\"@id\":\"http:\\\/\\\/benjamindevineau.com\\\/index.php\\\/produit\\\/ona-iii\\\/#primaryimage\"},\"thumbnailUrl\":\"http:\\\/\\\/benjamindevineau.com\\\/wp-content\\\/uploads\\\/2025\\\/06\\\/image00031-scaled.jpeg\",\"datePublished\":\"2025-06-01T18:37:35+00:00\",\"dateModified\":\"2025-06-10T16:42:56+00:00\",\"description\":\"Collection ONA, 5 mod\u00e8les en 8 exemplaires, pi\u00e8ces numerot\u00e9es. Vase c\u00e9ramique, sculpture en gr\u00e8s, couleur B\u00e9ton. Vase n\u00b0III de la Collection.\",\"breadcrumb\":{\"@id\":\"http:\\\/\\\/benjamindevineau.com\\\/index.php\\\/produit\\\/ona-iii\\\/#breadcrumb\"},\"inLanguage\":\"fr-FR\",\"potentialAction\":[{\"@type\":\"ReadAction\",\"target\":[\"http:\\\/\\\/benjamindevineau.com\\\/index.php\\\/produit\\\/ona-iii\\\/\"]}]},{\"@type\":\"ImageObject\",\"inLanguage\":\"fr-FR\",\"@id\":\"http:\\\/\\\/benjamindevineau.com\\\/index.php\\\/produit\\\/ona-iii\\\/#primaryimage\",\"url\":\"http:\\\/\\\/benjamindevineau.com\\\/wp-content\\\/uploads\\\/2025\\\/06\\\/image00031-scaled.jpeg\",\"contentUrl\":\"http:\\\/\\\/benjamindevineau.com\\\/wp-content\\\/uploads\\\/2025\\\/06\\\/image00031-scaled.jpeg\",\"width\":1920,\"height\":2560},{\"@type\":\"BreadcrumbList\",\"@id\":\"http:\\\/\\\/benjamindevineau.com\\\/index.php\\\/produit\\\/ona-iii\\\/#breadcrumb\",\"itemListElement\":[{\"@type\":\"ListItem\",\"position\":1,\"name\":\"Accueil\",\"item\":\"http:\\\/\\\/benjamindevineau.com\\\/\"},{\"@type\":\"ListItem\",\"position\":2,\"name\":\"BOUTIQUE\",\"item\":\"http:\\\/\\\/benjamindevineau.com\\\/index.php\\\/boutique\\\/\"},{\"@type\":\"ListItem\",\"position\":3,\"name\":\"ONA III\"}]},{\"@type\":\"WebSite\",\"@id\":\"https:\\\/\\\/benjamindevineau.com\\\/#website\",\"url\":\"https:\\\/\\\/benjamindevineau.com\\\/\",\"name\":\"benjamindevineau.com\",\"description\":\"\",\"publisher\":{\"@id\":\"https:\\\/\\\/benjamindevineau.com\\\/#\\\/schema\\\/person\\\/10cb55af53fa011ef0f109f22994687d\"},\"alternateName\":\"benjamin devineau\",\"potentialAction\":[{\"@type\":\"SearchAction\",\"target\":{\"@type\":\"EntryPoint\",\"urlTemplate\":\"https:\\\/\\\/benjamindevineau.com\\\/?s={search_term_string}\"},\"query-input\":{\"@type\":\"PropertyValueSpecification\",\"valueRequired\":true,\"valueName\":\"search_term_string\"}}],\"inLanguage\":\"fr-FR\"},{\"@type\":[\"Person\",\"Organization\"],\"@id\":\"https:\\\/\\\/benjamindevineau.com\\\/#\\\/schema\\\/person\\\/10cb55af53fa011ef0f109f22994687d\",\"name\":\"benjamindevineau\",\"image\":{\"@type\":\"ImageObject\",\"inLanguage\":\"fr-FR\",\"@id\":\"http:\\\/\\\/benjamindevineau.com\\\/wp-content\\\/uploads\\\/2023\\\/02\\\/Capture-decran-2023-02-27-a-21.38.42.png\",\"url\":\"http:\\\/\\\/benjamindevineau.com\\\/wp-content\\\/uploads\\\/2023\\\/02\\\/Capture-decran-2023-02-27-a-21.38.42.png\",\"contentUrl\":\"http:\\\/\\\/benjamindevineau.com\\\/wp-content\\\/uploads\\\/2023\\\/02\\\/Capture-decran-2023-02-27-a-21.38.42.png\",\"width\":970,\"height\":686,\"caption\":\"benjamindevineau\"},\"logo\":{\"@id\":\"http:\\\/\\\/benjamindevineau.com\\\/wp-content\\\/uploads\\\/2023\\\/02\\\/Capture-decran-2023-02-27-a-21.38.42.png\"},\"sameAs\":[\"http:\\\/\\\/benjamindevineau.com\"]}]}<\/script>\n<!-- \/ Yoast SEO plugin. -->","yoast_head_json":{"title":"ONA III |","description":"Collection ONA, 5 mod\u00e8les en 8 exemplaires, pi\u00e8ces numerot\u00e9es. Vase c\u00e9ramique, sculpture en gr\u00e8s, couleur B\u00e9ton. Vase n\u00b0III de la Collection.","robots":{"index":"index","follow":"follow","max-snippet":"max-snippet:-1","max-image-preview":"max-image-preview:large","max-video-preview":"max-video-preview:-1"},"canonical":"http:\/\/benjamindevineau.com\/index.php\/produit\/ona-iii\/","og_locale":"fr_FR","og_type":"article","og_title":"ONA III |","og_description":"Collection ONA, 5 mod\u00e8les en 8 exemplaires, pi\u00e8ces numerot\u00e9es. Vase c\u00e9ramique, sculpture en gr\u00e8s, couleur B\u00e9ton. Vase n\u00b0III de la Collection.","og_url":"http:\/\/benjamindevineau.com\/index.php\/produit\/ona-iii\/","article_modified_time":"2025-06-10T16:42:56+00:00","og_image":[{"width":1920,"height":2560,"url":"http:\/\/benjamindevineau.com\/wp-content\/uploads\/2025\/06\/image00031-scaled.jpeg","type":"image\/jpeg"}],"twitter_card":"summary_large_image","twitter_misc":{"Dur\u00e9e de lecture estim\u00e9e":"1 minute"},"schema":{"@context":"https:\/\/schema.org","@graph":[{"@type":"WebPage","@id":"http:\/\/benjamindevineau.com\/index.php\/produit\/ona-iii\/","url":"http:\/\/benjamindevineau.com\/index.php\/produit\/ona-iii\/","name":"ONA III |","isPartOf":{"@id":"https:\/\/benjamindevineau.com\/#website"},"primaryImageOfPage":{"@id":"http:\/\/benjamindevineau.com\/index.php\/produit\/ona-iii\/#primaryimage"},"image":{"@id":"http:\/\/benjamindevineau.com\/index.php\/produit\/ona-iii\/#primaryimage"},"thumbnailUrl":"http:\/\/benjamindevineau.com\/wp-content\/uploads\/2025\/06\/image00031-scaled.jpeg","datePublished":"2025-06-01T18:37:35+00:00","dateModified":"2025-06-10T16:42:56+00:00","description":"Collection ONA, 5 mod\u00e8les en 8 exemplaires, pi\u00e8ces numerot\u00e9es. Vase c\u00e9ramique, sculpture en gr\u00e8s, couleur B\u00e9ton. Vase n\u00b0III de la Collection.","breadcrumb":{"@id":"http:\/\/benjamindevineau.com\/index.php\/produit\/ona-iii\/#breadcrumb"},"inLanguage":"fr-FR","potentialAction":[{"@type":"ReadAction","target":["http:\/\/benjamindevineau.com\/index.php\/produit\/ona-iii\/"]}]},{"@type":"ImageObject","inLanguage":"fr-FR","@id":"http:\/\/benjamindevineau.com\/index.php\/produit\/ona-iii\/#primaryimage","url":"http:\/\/benjamindevineau.com\/wp-content\/uploads\/2025\/06\/image00031-scaled.jpeg","contentUrl":"http:\/\/benjamindevineau.com\/wp-content\/uploads\/2025\/06\/image00031-scaled.jpeg","width":1920,"height":2560},{"@type":"BreadcrumbList","@id":"http:\/\/benjamindevineau.com\/index.php\/produit\/ona-iii\/#breadcrumb","itemListElement":[{"@type":"ListItem","position":1,"name":"Accueil","item":"http:\/\/benjamindevineau.com\/"},{"@type":"ListItem","position":2,"name":"BOUTIQUE","item":"http:\/\/benjamindevineau.com\/index.php\/boutique\/"},{"@type":"ListItem","position":3,"name":"ONA III"}]},{"@type":"WebSite","@id":"https:\/\/benjamindevineau.com\/#website","url":"https:\/\/benjamindevineau.com\/","name":"benjamindevineau.com","description":"","publisher":{"@id":"https:\/\/benjamindevineau.com\/#\/schema\/person\/10cb55af53fa011ef0f109f22994687d"},"alternateName":"benjamin devineau","potentialAction":[{"@type":"SearchAction","target":{"@type":"EntryPoint","urlTemplate":"https:\/\/benjamindevineau.com\/?s={search_term_string}"},"query-input":{"@type":"PropertyValueSpecification","valueRequired":true,"valueName":"search_term_string"}}],"inLanguage":"fr-FR"},{"@type":["Person","Organization"],"@id":"https:\/\/benjamindevineau.com\/#\/schema\/person\/10cb55af53fa011ef0f109f22994687d","name":"benjamindevineau","image":{"@type":"ImageObject","inLanguage":"fr-FR","@id":"http:\/\/benjamindevineau.com\/wp-content\/uploads\/2023\/02\/Capture-decran-2023-02-27-a-21.38.42.png","url":"http:\/\/benjamindevineau.com\/wp-content\/uploads\/2023\/02\/Capture-decran-2023-02-27-a-21.38.42.png","contentUrl":"http:\/\/benjamindevineau.com\/wp-content\/uploads\/2023\/02\/Capture-decran-2023-02-27-a-21.38.42.png","width":970,"height":686,"caption":"benjamindevineau"},"logo":{"@id":"http:\/\/benjamindevineau.com\/wp-content\/uploads\/2023\/02\/Capture-decran-2023-02-27-a-21.38.42.png"},"sameAs":["http:\/\/benjamindevineau.com"]}]}},"jetpack_sharing_enabled":true,"_links":{"self":[{"href":"http:\/\/benjamindevineau.com\/index.php\/wp-json\/wp\/v2\/product\/744","targetHints":{"allow":["GET"]}}],"collection":[{"href":"http:\/\/benjamindevineau.com\/index.php\/wp-json\/wp\/v2\/product"}],"about":[{"href":"http:\/\/benjamindevineau.com\/index.php\/wp-json\/wp\/v2\/types\/product"}],"replies":[{"embeddable":true,"href":"http:\/\/benjamindevineau.com\/index.php\/wp-json\/wp\/v2\/comments?post=744"}],"wp:featuredmedia":[{"embeddable":true,"href":"http:\/\/benjamindevineau.com\/index.php\/wp-json\/wp\/v2\/media\/745"}],"wp:attachment":[{"href":"http:\/\/benjamindevineau.com\/index.php\/wp-json\/wp\/v2\/media?parent=744"}],"wp:term":[{"taxonomy":"product_brand","embeddable":true,"href":"http:\/\/benjamindevineau.com\/index.php\/wp-json\/wp\/v2\/product_brand?post=744"},{"taxonomy":"product_cat","embeddable":true,"href":"http:\/\/benjamindevineau.com\/index.php\/wp-json\/wp\/v2\/product_cat?post=744"},{"taxonomy":"product_tag","embeddable":true,"href":"http:\/\/benjamindevineau.com\/index.php\/wp-json\/wp\/v2\/product_tag?post=744"}],"curies":[{"name":"wp","href":"https:\/\/api.w.org\/{rel}","templated":true}]}}