{"id":119,"date":"2023-02-08T20:39:56","date_gmt":"2023-02-08T18:39:56","guid":{"rendered":"http:\/\/benjamindevineau.com\/index.php\/page-daccueil-3\/"},"modified":"2025-05-06T15:04:28","modified_gmt":"2025-05-06T13:04:28","slug":"home","status":"publish","type":"page","link":"https:\/\/benjamindevineau.com\/","title":{"rendered":"Accueil"},"content":{"rendered":"\t\t<div data-elementor-type=\"wp-page\" data-elementor-id=\"119\" class=\"elementor elementor-119\">\n\t\t\t\t\t\t<section class=\"elementor-section elementor-top-section elementor-element elementor-element-40614ec elementor-section-boxed elementor-section-height-default elementor-section-height-default\" data-id=\"40614ec\" data-element_type=\"section\" data-e-type=\"section\">\n\t\t\t\t\t\t<div class=\"elementor-container elementor-column-gap-default\">\n\t\t\t\t\t<div class=\"elementor-column elementor-col-100 elementor-top-column elementor-element elementor-element-4a77298\" data-id=\"4a77298\" data-element_type=\"column\" data-e-type=\"column\">\n\t\t\t<div class=\"elementor-widget-wrap elementor-element-populated\">\n\t\t\t\t\t\t<div class=\"elementor-element elementor-element-e309173 elementor-widget-mobile__width-initial elementor-widget elementor-widget-image\" data-id=\"e309173\" data-element_type=\"widget\" data-e-type=\"widget\" data-widget_type=\"image.default\">\n\t\t\t\t<div class=\"elementor-widget-container\">\n\t\t\t\t\t\t\t\t\t\t\t\t\t\t\t<img fetchpriority=\"high\" decoding=\"async\" width=\"732\" height=\"1024\" src=\"http:\/\/benjamindevineau.com\/wp-content\/uploads\/2025\/05\/image00055-1-732x1024.jpeg\" class=\"attachment-large size-large wp-image-699\" alt=\"\" srcset=\"http:\/\/benjamindevineau.com\/wp-content\/uploads\/2025\/05\/image00055-1-732x1024.jpeg 732w, http:\/\/benjamindevineau.com\/wp-content\/uploads\/2025\/05\/image00055-1-scaled-800x1120.jpeg 800w, http:\/\/benjamindevineau.com\/wp-content\/uploads\/2025\/05\/image00055-1-214x300.jpeg 214w, http:\/\/benjamindevineau.com\/wp-content\/uploads\/2025\/05\/image00055-1-768x1075.jpeg 768w, http:\/\/benjamindevineau.com\/wp-content\/uploads\/2025\/05\/image00055-1-1097x1536.jpeg 1097w, http:\/\/benjamindevineau.com\/wp-content\/uploads\/2025\/05\/image00055-1-1463x2048.jpeg 1463w, http:\/\/benjamindevineau.com\/wp-content\/uploads\/2025\/05\/image00055-1-1000x1400.jpeg 1000w, http:\/\/benjamindevineau.com\/wp-content\/uploads\/2025\/05\/image00055-1-230x322.jpeg 230w, http:\/\/benjamindevineau.com\/wp-content\/uploads\/2025\/05\/image00055-1-350x490.jpeg 350w, http:\/\/benjamindevineau.com\/wp-content\/uploads\/2025\/05\/image00055-1-480x672.jpeg 480w, http:\/\/benjamindevineau.com\/wp-content\/uploads\/2025\/05\/image00055-1-scaled.jpeg 1829w\" sizes=\"(max-width: 732px) 100vw, 732px\" \/>\t\t\t\t\t\t\t\t\t\t\t\t\t\t\t<\/div>\n\t\t\t\t<\/div>\n\t\t\t\t\t<\/div>\n\t\t<\/div>\n\t\t\t\t\t<\/div>\n\t\t<\/section>\n\t\t\t\t<section class=\"elementor-section elementor-top-section elementor-element elementor-element-6d1a086 elementor-section-boxed elementor-section-height-default elementor-section-height-default\" data-id=\"6d1a086\" data-element_type=\"section\" data-e-type=\"section\">\n\t\t\t\t\t\t<div class=\"elementor-container elementor-column-gap-default\">\n\t\t\t\t\t<div class=\"elementor-column elementor-col-100 elementor-top-column elementor-element elementor-element-5e3f562\" data-id=\"5e3f562\" data-element_type=\"column\" data-e-type=\"column\">\n\t\t\t<div class=\"elementor-widget-wrap elementor-element-populated\">\n\t\t\t\t\t\t<div class=\"elementor-element elementor-element-510eb4f elementor-widget elementor-widget-spacer\" data-id=\"510eb4f\" data-element_type=\"widget\" data-e-type=\"widget\" data-widget_type=\"spacer.default\">\n\t\t\t\t<div class=\"elementor-widget-container\">\n\t\t\t\t\t\t\t<div class=\"elementor-spacer\">\n\t\t\t<div class=\"elementor-spacer-inner\"><\/div>\n\t\t<\/div>\n\t\t\t\t\t\t<\/div>\n\t\t\t\t<\/div>\n\t\t\t\t\t<\/div>\n\t\t<\/div>\n\t\t\t\t\t<\/div>\n\t\t<\/section>\n\t\t\t\t<section class=\"elementor-section elementor-top-section elementor-element elementor-element-3b31282b elementor-section-boxed elementor-section-height-default elementor-section-height-default\" data-id=\"3b31282b\" data-element_type=\"section\" data-e-type=\"section\">\n\t\t\t\t\t\t<div class=\"elementor-container elementor-column-gap-default\">\n\t\t\t\t\t<div class=\"elementor-column elementor-col-100 elementor-top-column elementor-element elementor-element-130c9862\" data-id=\"130c9862\" data-element_type=\"column\" data-e-type=\"column\">\n\t\t\t<div class=\"elementor-widget-wrap elementor-element-populated\">\n\t\t\t\t\t\t<div class=\"elementor-element elementor-element-2134a0ce elementor-widget elementor-widget-text-editor\" data-id=\"2134a0ce\" data-element_type=\"widget\" data-e-type=\"widget\" data-widget_type=\"text-editor.default\">\n\t\t\t\t<div class=\"elementor-widget-container\">\n\t\t\t\t\t\t\t\t\t<p>\u00a0<\/p>\n<p>\u00a0<\/p>\t\t\t\t\t\t\t\t<\/div>\n\t\t\t\t<\/div>\n\t\t\t\t<div class=\"elementor-element elementor-element-f480654 elementor-align-center elementor-absolute elementor-mobile-align-justify elementor-widget__width-initial elementor-widget elementor-widget-button\" data-id=\"f480654\" data-element_type=\"widget\" data-e-type=\"widget\" data-settings=\"{&quot;_position&quot;:&quot;absolute&quot;}\" data-widget_type=\"button.default\">\n\t\t\t\t<div class=\"elementor-widget-container\">\n\t\t\t\t\t\t\t\t\t<div class=\"elementor-button-wrapper\">\n\t\t\t\t\t<a class=\"elementor-button elementor-button-link elementor-size-sm\" href=\"https:\/\/benjamindevineau.com\/index.php\/boutique\/#\">\n\t\t\t\t\t\t<span class=\"elementor-button-content-wrapper\">\n\t\t\t\t\t\t\t\t\t<span class=\"elementor-button-text\">d\u00e9couvrir la nouvelle collection<\/span>\n\t\t\t\t\t<\/span>\n\t\t\t\t\t<\/a>\n\t\t\t\t<\/div>\n\t\t\t\t\t\t\t\t<\/div>\n\t\t\t\t<\/div>\n\t\t\t\t\t<\/div>\n\t\t<\/div>\n\t\t\t\t\t<\/div>\n\t\t<\/section>\n\t\t\t\t<section class=\"elementor-section elementor-top-section elementor-element elementor-element-614c283 elementor-section-boxed elementor-section-height-default elementor-section-height-default\" data-id=\"614c283\" data-element_type=\"section\" data-e-type=\"section\">\n\t\t\t\t\t\t<div class=\"elementor-container elementor-column-gap-default\">\n\t\t\t\t\t<div class=\"elementor-column elementor-col-100 elementor-top-column elementor-element elementor-element-9749707\" data-id=\"9749707\" data-element_type=\"column\" data-e-type=\"column\">\n\t\t\t<div class=\"elementor-widget-wrap elementor-element-populated\">\n\t\t\t\t\t\t<div class=\"elementor-element elementor-element-00acc31 elementor-widget elementor-widget-text-editor\" data-id=\"00acc31\" data-element_type=\"widget\" data-e-type=\"widget\" data-widget_type=\"text-editor.default\">\n\t\t\t\t<div class=\"elementor-widget-container\">\n\t\t\t\t\t\t\t\t\t<p style=\"text-align: center;\">Bienvenue sur mon webshop. Chacune des pi\u00e8ces pr\u00e9sent\u00e9es ici est en gr\u00e8s, con\u00e7ue, fabriqu\u00e9e et cuite par mes soins dans mon atelier \u00e0 joigny en bourgogne.<\/p><p style=\"text-align: center;\">retrouvez moi sur <span style=\"text-decoration: underline;\"><a href=\"https:\/\/www.instagram.com\/benjamin.devineau\/\">instagram<\/a><\/span><\/p>\t\t\t\t\t\t\t\t<\/div>\n\t\t\t\t<\/div>\n\t\t\t\t\t<\/div>\n\t\t<\/div>\n\t\t\t\t\t<\/div>\n\t\t<\/section>\n\t\t\t\t<section class=\"elementor-section elementor-top-section elementor-element elementor-element-add65f2 elementor-section-boxed elementor-section-height-default elementor-section-height-default\" data-id=\"add65f2\" data-element_type=\"section\" data-e-type=\"section\">\n\t\t\t\t\t\t<div class=\"elementor-container elementor-column-gap-default\">\n\t\t\t\t\t<div class=\"elementor-column elementor-col-100 elementor-top-column elementor-element elementor-element-087d407\" data-id=\"087d407\" data-element_type=\"column\" data-e-type=\"column\">\n\t\t\t<div class=\"elementor-widget-wrap elementor-element-populated\">\n\t\t\t\t\t\t<div class=\"elementor-element elementor-element-28d48f8 elementor-widget elementor-widget-spacer\" data-id=\"28d48f8\" data-element_type=\"widget\" data-e-type=\"widget\" data-widget_type=\"spacer.default\">\n\t\t\t\t<div class=\"elementor-widget-container\">\n\t\t\t\t\t\t\t<div class=\"elementor-spacer\">\n\t\t\t<div class=\"elementor-spacer-inner\"><\/div>\n\t\t<\/div>\n\t\t\t\t\t\t<\/div>\n\t\t\t\t<\/div>\n\t\t\t\t\t<\/div>\n\t\t<\/div>\n\t\t\t\t\t<\/div>\n\t\t<\/section>\n\t\t\t\t<section class=\"elementor-section elementor-top-section elementor-element elementor-element-d0075a5 elementor-section-boxed elementor-section-height-default elementor-section-height-default\" data-id=\"d0075a5\" data-element_type=\"section\" data-e-type=\"section\">\n\t\t\t\t\t\t<div class=\"elementor-container elementor-column-gap-default\">\n\t\t\t\t\t<div class=\"elementor-column elementor-col-25 elementor-top-column elementor-element elementor-element-104f60e\" data-id=\"104f60e\" data-element_type=\"column\" data-e-type=\"column\">\n\t\t\t<div class=\"elementor-widget-wrap elementor-element-populated\">\n\t\t\t\t\t\t<div class=\"elementor-element elementor-element-cb4a96c elementor-widget elementor-widget-image\" data-id=\"cb4a96c\" data-element_type=\"widget\" data-e-type=\"widget\" data-widget_type=\"image.default\">\n\t\t\t\t<div class=\"elementor-widget-container\">\n\t\t\t\t\t\t\t\t\t\t\t\t\t\t\t<img decoding=\"async\" width=\"768\" height=\"1024\" src=\"http:\/\/benjamindevineau.com\/wp-content\/uploads\/2023\/02\/IMG_0853-768x1024.jpg\" class=\"attachment-large size-large wp-image-217\" alt=\"\" srcset=\"http:\/\/benjamindevineau.com\/wp-content\/uploads\/2023\/02\/IMG_0853-768x1024.jpg 768w, http:\/\/benjamindevineau.com\/wp-content\/uploads\/2023\/02\/IMG_0853-scaled-800x1067.jpg 800w, http:\/\/benjamindevineau.com\/wp-content\/uploads\/2023\/02\/IMG_0853-225x300.jpg 225w, http:\/\/benjamindevineau.com\/wp-content\/uploads\/2023\/02\/IMG_0853-1152x1536.jpg 1152w, http:\/\/benjamindevineau.com\/wp-content\/uploads\/2023\/02\/IMG_0853-1536x2048.jpg 1536w, http:\/\/benjamindevineau.com\/wp-content\/uploads\/2023\/02\/IMG_0853-1000x1333.jpg 1000w, http:\/\/benjamindevineau.com\/wp-content\/uploads\/2023\/02\/IMG_0853-230x307.jpg 230w, http:\/\/benjamindevineau.com\/wp-content\/uploads\/2023\/02\/IMG_0853-350x467.jpg 350w, http:\/\/benjamindevineau.com\/wp-content\/uploads\/2023\/02\/IMG_0853-480x640.jpg 480w, http:\/\/benjamindevineau.com\/wp-content\/uploads\/2023\/02\/IMG_0853-scaled.jpg 1920w\" sizes=\"(max-width: 768px) 100vw, 768px\" \/>\t\t\t\t\t\t\t\t\t\t\t\t\t\t\t<\/div>\n\t\t\t\t<\/div>\n\t\t\t\t\t<\/div>\n\t\t<\/div>\n\t\t\t\t<div class=\"elementor-column elementor-col-25 elementor-top-column elementor-element elementor-element-6b6e125\" data-id=\"6b6e125\" data-element_type=\"column\" data-e-type=\"column\">\n\t\t\t<div class=\"elementor-widget-wrap elementor-element-populated\">\n\t\t\t\t\t\t<div class=\"elementor-element elementor-element-e3892f5 elementor-widget elementor-widget-image\" data-id=\"e3892f5\" data-element_type=\"widget\" data-e-type=\"widget\" data-widget_type=\"image.default\">\n\t\t\t\t<div class=\"elementor-widget-container\">\n\t\t\t\t\t\t\t\t\t\t\t\t\t\t\t<img decoding=\"async\" src=\"http:\/\/benjamindevineau.com\/wp-content\/uploads\/2023\/02\/IMG_1055-scaled.jpg\" title=\"IMG_1055\" alt=\"IMG_1055\" loading=\"lazy\" \/>\t\t\t\t\t\t\t\t\t\t\t\t\t\t\t<\/div>\n\t\t\t\t<\/div>\n\t\t\t\t\t<\/div>\n\t\t<\/div>\n\t\t\t\t<div class=\"elementor-column elementor-col-25 elementor-top-column elementor-element elementor-element-0a177ab\" data-id=\"0a177ab\" data-element_type=\"column\" data-e-type=\"column\">\n\t\t\t<div class=\"elementor-widget-wrap elementor-element-populated\">\n\t\t\t\t\t\t<div class=\"elementor-element elementor-element-51f2a1d elementor-widget elementor-widget-image\" data-id=\"51f2a1d\" data-element_type=\"widget\" data-e-type=\"widget\" data-widget_type=\"image.default\">\n\t\t\t\t<div class=\"elementor-widget-container\">\n\t\t\t\t\t\t\t\t\t\t\t\t\t\t\t<img decoding=\"async\" width=\"768\" height=\"1024\" src=\"http:\/\/benjamindevineau.com\/wp-content\/uploads\/2023\/02\/IMG_0229-768x1024.jpg\" class=\"attachment-large size-large wp-image-216\" alt=\"\" srcset=\"http:\/\/benjamindevineau.com\/wp-content\/uploads\/2023\/02\/IMG_0229-768x1024.jpg 768w, http:\/\/benjamindevineau.com\/wp-content\/uploads\/2023\/02\/IMG_0229-scaled-800x1067.jpg 800w, http:\/\/benjamindevineau.com\/wp-content\/uploads\/2023\/02\/IMG_0229-225x300.jpg 225w, http:\/\/benjamindevineau.com\/wp-content\/uploads\/2023\/02\/IMG_0229-1152x1536.jpg 1152w, http:\/\/benjamindevineau.com\/wp-content\/uploads\/2023\/02\/IMG_0229-1536x2048.jpg 1536w, http:\/\/benjamindevineau.com\/wp-content\/uploads\/2023\/02\/IMG_0229-1000x1333.jpg 1000w, http:\/\/benjamindevineau.com\/wp-content\/uploads\/2023\/02\/IMG_0229-230x307.jpg 230w, http:\/\/benjamindevineau.com\/wp-content\/uploads\/2023\/02\/IMG_0229-350x467.jpg 350w, http:\/\/benjamindevineau.com\/wp-content\/uploads\/2023\/02\/IMG_0229-480x640.jpg 480w, http:\/\/benjamindevineau.com\/wp-content\/uploads\/2023\/02\/IMG_0229-scaled.jpg 1920w\" sizes=\"(max-width: 768px) 100vw, 768px\" \/>\t\t\t\t\t\t\t\t\t\t\t\t\t\t\t<\/div>\n\t\t\t\t<\/div>\n\t\t\t\t\t<\/div>\n\t\t<\/div>\n\t\t\t\t<div class=\"elementor-column elementor-col-25 elementor-top-column elementor-element elementor-element-41f353b\" data-id=\"41f353b\" data-element_type=\"column\" data-e-type=\"column\">\n\t\t\t<div class=\"elementor-widget-wrap elementor-element-populated\">\n\t\t\t\t\t\t<div class=\"elementor-element elementor-element-cbc38c4 elementor-widget elementor-widget-image\" data-id=\"cbc38c4\" data-element_type=\"widget\" data-e-type=\"widget\" data-widget_type=\"image.default\">\n\t\t\t\t<div class=\"elementor-widget-container\">\n\t\t\t\t\t\t\t\t\t\t\t\t\t\t\t<img loading=\"lazy\" decoding=\"async\" width=\"768\" height=\"1024\" src=\"http:\/\/benjamindevineau.com\/wp-content\/uploads\/2023\/02\/IMG_1381-768x1024.jpg\" class=\"attachment-large size-large wp-image-215\" alt=\"\" srcset=\"http:\/\/benjamindevineau.com\/wp-content\/uploads\/2023\/02\/IMG_1381-768x1024.jpg 768w, http:\/\/benjamindevineau.com\/wp-content\/uploads\/2023\/02\/IMG_1381-scaled-800x1067.jpg 800w, http:\/\/benjamindevineau.com\/wp-content\/uploads\/2023\/02\/IMG_1381-225x300.jpg 225w, http:\/\/benjamindevineau.com\/wp-content\/uploads\/2023\/02\/IMG_1381-1152x1536.jpg 1152w, http:\/\/benjamindevineau.com\/wp-content\/uploads\/2023\/02\/IMG_1381-1536x2048.jpg 1536w, http:\/\/benjamindevineau.com\/wp-content\/uploads\/2023\/02\/IMG_1381-1000x1333.jpg 1000w, http:\/\/benjamindevineau.com\/wp-content\/uploads\/2023\/02\/IMG_1381-230x307.jpg 230w, http:\/\/benjamindevineau.com\/wp-content\/uploads\/2023\/02\/IMG_1381-350x467.jpg 350w, http:\/\/benjamindevineau.com\/wp-content\/uploads\/2023\/02\/IMG_1381-480x640.jpg 480w, http:\/\/benjamindevineau.com\/wp-content\/uploads\/2023\/02\/IMG_1381-scaled.jpg 1920w\" sizes=\"(max-width: 768px) 100vw, 768px\" \/>\t\t\t\t\t\t\t\t\t\t\t\t\t\t\t<\/div>\n\t\t\t\t<\/div>\n\t\t\t\t\t<\/div>\n\t\t<\/div>\n\t\t\t\t\t<\/div>\n\t\t<\/section>\n\t\t\t\t<\/div>\n\t\t","protected":false},"excerpt":{"rendered":"<p>\u00a0 \u00a0 d\u00e9couvrir la nouvelle collection Bienvenue sur mon webshop. Chacune des pi\u00e8ces pr\u00e9sent\u00e9es ici est en gr\u00e8s, con\u00e7ue, fabriqu\u00e9e et cuite [&hellip;]<\/p>\n","protected":false},"author":1,"featured_media":0,"parent":0,"menu_order":0,"comment_status":"closed","ping_status":"closed","template":"","meta":{"footnotes":""},"class_list":["post-119","page","type-page","status-publish","hentry"],"yoast_head":"<!-- This site is optimized with the Yoast SEO plugin v27.4 - https:\/\/yoast.com\/product\/yoast-seo-wordpress\/ -->\n<title>Benjamin Devineau | C\u00e9ramiques<\/title>\n<meta name=\"description\" content=\"Bienvenue sur mon WebShop. Je suis c\u00e9ramiste. Chacune des pi\u00e8ces pr\u00e9sent\u00e9es ont \u00e9t\u00e9 con\u00e7ues, fabriqu\u00e9es et cuites par mes soins. Enjoy !\" \/>\n<meta name=\"robots\" content=\"index, follow, max-snippet:-1, max-image-preview:large, max-video-preview:-1\" \/>\n<link rel=\"canonical\" href=\"http:\/\/benjamindevineau.com\/\" \/>\n<meta property=\"og:locale\" content=\"fr_FR\" \/>\n<meta property=\"og:type\" content=\"article\" \/>\n<meta property=\"og:title\" content=\"Benjamin Devineau | C\u00e9ramiques\" \/>\n<meta property=\"og:description\" content=\"Bienvenue sur mon WebShop. Je suis c\u00e9ramiste. Chacune des pi\u00e8ces pr\u00e9sent\u00e9es ont \u00e9t\u00e9 con\u00e7ues, fabriqu\u00e9es et cuites par mes soins. Enjoy !\" \/>\n<meta property=\"og:url\" content=\"http:\/\/benjamindevineau.com\/\" \/>\n<meta property=\"article:modified_time\" content=\"2025-05-06T13:04:28+00:00\" \/>\n<meta property=\"og:image\" content=\"http:\/\/benjamindevineau.com\/wp-content\/uploads\/2025\/05\/image00055-1-732x1024.jpeg\" \/>\n<meta name=\"twitter:card\" content=\"summary_large_image\" \/>\n<meta name=\"twitter:label1\" content=\"Dur\u00e9e de lecture estim\u00e9e\" \/>\n\t<meta name=\"twitter:data1\" content=\"2 minutes\" \/>\n<script type=\"application\/ld+json\" class=\"yoast-schema-graph\">{\"@context\":\"https:\\\/\\\/schema.org\",\"@graph\":[{\"@type\":\"WebPage\",\"@id\":\"http:\\\/\\\/benjamindevineau.com\\\/\",\"url\":\"http:\\\/\\\/benjamindevineau.com\\\/\",\"name\":\"Benjamin Devineau | C\u00e9ramiques\",\"isPartOf\":{\"@id\":\"https:\\\/\\\/benjamindevineau.com\\\/#website\"},\"primaryImageOfPage\":{\"@id\":\"http:\\\/\\\/benjamindevineau.com\\\/#primaryimage\"},\"image\":{\"@id\":\"http:\\\/\\\/benjamindevineau.com\\\/#primaryimage\"},\"thumbnailUrl\":\"http:\\\/\\\/benjamindevineau.com\\\/wp-content\\\/uploads\\\/2025\\\/05\\\/image00055-1-732x1024.jpeg\",\"datePublished\":\"2023-02-08T18:39:56+00:00\",\"dateModified\":\"2025-05-06T13:04:28+00:00\",\"description\":\"Bienvenue sur mon WebShop. Je suis c\u00e9ramiste. Chacune des pi\u00e8ces pr\u00e9sent\u00e9es ont \u00e9t\u00e9 con\u00e7ues, fabriqu\u00e9es et cuites par mes soins. Enjoy !\",\"breadcrumb\":{\"@id\":\"http:\\\/\\\/benjamindevineau.com\\\/#breadcrumb\"},\"inLanguage\":\"fr-FR\",\"potentialAction\":[{\"@type\":\"ReadAction\",\"target\":[\"http:\\\/\\\/benjamindevineau.com\\\/\"]}]},{\"@type\":\"ImageObject\",\"inLanguage\":\"fr-FR\",\"@id\":\"http:\\\/\\\/benjamindevineau.com\\\/#primaryimage\",\"url\":\"https:\\\/\\\/benjamindevineau.com\\\/wp-content\\\/uploads\\\/2025\\\/05\\\/image00055-1-scaled.jpeg\",\"contentUrl\":\"https:\\\/\\\/benjamindevineau.com\\\/wp-content\\\/uploads\\\/2025\\\/05\\\/image00055-1-scaled.jpeg\",\"width\":1829,\"height\":2560},{\"@type\":\"BreadcrumbList\",\"@id\":\"http:\\\/\\\/benjamindevineau.com\\\/#breadcrumb\",\"itemListElement\":[{\"@type\":\"ListItem\",\"position\":1,\"name\":\"Accueil\",\"item\":\"http:\\\/\\\/benjamindevineau.com\\\/\"},{\"@type\":\"ListItem\",\"position\":2,\"name\":\"Accueil\"}]},{\"@type\":\"WebSite\",\"@id\":\"https:\\\/\\\/benjamindevineau.com\\\/#website\",\"url\":\"https:\\\/\\\/benjamindevineau.com\\\/\",\"name\":\"benjamindevineau.com\",\"description\":\"\",\"publisher\":{\"@id\":\"https:\\\/\\\/benjamindevineau.com\\\/#\\\/schema\\\/person\\\/10cb55af53fa011ef0f109f22994687d\"},\"alternateName\":\"benjamin devineau\",\"potentialAction\":[{\"@type\":\"SearchAction\",\"target\":{\"@type\":\"EntryPoint\",\"urlTemplate\":\"https:\\\/\\\/benjamindevineau.com\\\/?s={search_term_string}\"},\"query-input\":{\"@type\":\"PropertyValueSpecification\",\"valueRequired\":true,\"valueName\":\"search_term_string\"}}],\"inLanguage\":\"fr-FR\"},{\"@type\":[\"Person\",\"Organization\"],\"@id\":\"https:\\\/\\\/benjamindevineau.com\\\/#\\\/schema\\\/person\\\/10cb55af53fa011ef0f109f22994687d\",\"name\":\"benjamindevineau\",\"image\":{\"@type\":\"ImageObject\",\"inLanguage\":\"fr-FR\",\"@id\":\"http:\\\/\\\/benjamindevineau.com\\\/wp-content\\\/uploads\\\/2023\\\/02\\\/Capture-decran-2023-02-27-a-21.38.42.png\",\"url\":\"http:\\\/\\\/benjamindevineau.com\\\/wp-content\\\/uploads\\\/2023\\\/02\\\/Capture-decran-2023-02-27-a-21.38.42.png\",\"contentUrl\":\"http:\\\/\\\/benjamindevineau.com\\\/wp-content\\\/uploads\\\/2023\\\/02\\\/Capture-decran-2023-02-27-a-21.38.42.png\",\"width\":970,\"height\":686,\"caption\":\"benjamindevineau\"},\"logo\":{\"@id\":\"http:\\\/\\\/benjamindevineau.com\\\/wp-content\\\/uploads\\\/2023\\\/02\\\/Capture-decran-2023-02-27-a-21.38.42.png\"},\"sameAs\":[\"http:\\\/\\\/benjamindevineau.com\"]}]}<\/script>\n<!-- \/ Yoast SEO plugin. -->","yoast_head_json":{"title":"Benjamin Devineau | C\u00e9ramiques","description":"Bienvenue sur mon WebShop. Je suis c\u00e9ramiste. Chacune des pi\u00e8ces pr\u00e9sent\u00e9es ont \u00e9t\u00e9 con\u00e7ues, fabriqu\u00e9es et cuites par mes soins. Enjoy !","robots":{"index":"index","follow":"follow","max-snippet":"max-snippet:-1","max-image-preview":"max-image-preview:large","max-video-preview":"max-video-preview:-1"},"canonical":"http:\/\/benjamindevineau.com\/","og_locale":"fr_FR","og_type":"article","og_title":"Benjamin Devineau | C\u00e9ramiques","og_description":"Bienvenue sur mon WebShop. Je suis c\u00e9ramiste. Chacune des pi\u00e8ces pr\u00e9sent\u00e9es ont \u00e9t\u00e9 con\u00e7ues, fabriqu\u00e9es et cuites par mes soins. Enjoy !","og_url":"http:\/\/benjamindevineau.com\/","article_modified_time":"2025-05-06T13:04:28+00:00","og_image":[{"url":"http:\/\/benjamindevineau.com\/wp-content\/uploads\/2025\/05\/image00055-1-732x1024.jpeg","type":"","width":"","height":""}],"twitter_card":"summary_large_image","twitter_misc":{"Dur\u00e9e de lecture estim\u00e9e":"2 minutes"},"schema":{"@context":"https:\/\/schema.org","@graph":[{"@type":"WebPage","@id":"http:\/\/benjamindevineau.com\/","url":"http:\/\/benjamindevineau.com\/","name":"Benjamin Devineau | C\u00e9ramiques","isPartOf":{"@id":"https:\/\/benjamindevineau.com\/#website"},"primaryImageOfPage":{"@id":"http:\/\/benjamindevineau.com\/#primaryimage"},"image":{"@id":"http:\/\/benjamindevineau.com\/#primaryimage"},"thumbnailUrl":"http:\/\/benjamindevineau.com\/wp-content\/uploads\/2025\/05\/image00055-1-732x1024.jpeg","datePublished":"2023-02-08T18:39:56+00:00","dateModified":"2025-05-06T13:04:28+00:00","description":"Bienvenue sur mon WebShop. Je suis c\u00e9ramiste. Chacune des pi\u00e8ces pr\u00e9sent\u00e9es ont \u00e9t\u00e9 con\u00e7ues, fabriqu\u00e9es et cuites par mes soins. Enjoy !","breadcrumb":{"@id":"http:\/\/benjamindevineau.com\/#breadcrumb"},"inLanguage":"fr-FR","potentialAction":[{"@type":"ReadAction","target":["http:\/\/benjamindevineau.com\/"]}]},{"@type":"ImageObject","inLanguage":"fr-FR","@id":"http:\/\/benjamindevineau.com\/#primaryimage","url":"https:\/\/benjamindevineau.com\/wp-content\/uploads\/2025\/05\/image00055-1-scaled.jpeg","contentUrl":"https:\/\/benjamindevineau.com\/wp-content\/uploads\/2025\/05\/image00055-1-scaled.jpeg","width":1829,"height":2560},{"@type":"BreadcrumbList","@id":"http:\/\/benjamindevineau.com\/#breadcrumb","itemListElement":[{"@type":"ListItem","position":1,"name":"Accueil","item":"http:\/\/benjamindevineau.com\/"},{"@type":"ListItem","position":2,"name":"Accueil"}]},{"@type":"WebSite","@id":"https:\/\/benjamindevineau.com\/#website","url":"https:\/\/benjamindevineau.com\/","name":"benjamindevineau.com","description":"","publisher":{"@id":"https:\/\/benjamindevineau.com\/#\/schema\/person\/10cb55af53fa011ef0f109f22994687d"},"alternateName":"benjamin devineau","potentialAction":[{"@type":"SearchAction","target":{"@type":"EntryPoint","urlTemplate":"https:\/\/benjamindevineau.com\/?s={search_term_string}"},"query-input":{"@type":"PropertyValueSpecification","valueRequired":true,"valueName":"search_term_string"}}],"inLanguage":"fr-FR"},{"@type":["Person","Organization"],"@id":"https:\/\/benjamindevineau.com\/#\/schema\/person\/10cb55af53fa011ef0f109f22994687d","name":"benjamindevineau","image":{"@type":"ImageObject","inLanguage":"fr-FR","@id":"http:\/\/benjamindevineau.com\/wp-content\/uploads\/2023\/02\/Capture-decran-2023-02-27-a-21.38.42.png","url":"http:\/\/benjamindevineau.com\/wp-content\/uploads\/2023\/02\/Capture-decran-2023-02-27-a-21.38.42.png","contentUrl":"http:\/\/benjamindevineau.com\/wp-content\/uploads\/2023\/02\/Capture-decran-2023-02-27-a-21.38.42.png","width":970,"height":686,"caption":"benjamindevineau"},"logo":{"@id":"http:\/\/benjamindevineau.com\/wp-content\/uploads\/2023\/02\/Capture-decran-2023-02-27-a-21.38.42.png"},"sameAs":["http:\/\/benjamindevineau.com"]}]}},"jetpack_sharing_enabled":true,"_links":{"self":[{"href":"https:\/\/benjamindevineau.com\/index.php\/wp-json\/wp\/v2\/pages\/119","targetHints":{"allow":["GET"]}}],"collection":[{"href":"https:\/\/benjamindevineau.com\/index.php\/wp-json\/wp\/v2\/pages"}],"about":[{"href":"https:\/\/benjamindevineau.com\/index.php\/wp-json\/wp\/v2\/types\/page"}],"author":[{"embeddable":true,"href":"https:\/\/benjamindevineau.com\/index.php\/wp-json\/wp\/v2\/users\/1"}],"replies":[{"embeddable":true,"href":"https:\/\/benjamindevineau.com\/index.php\/wp-json\/wp\/v2\/comments?post=119"}],"version-history":[{"count":91,"href":"https:\/\/benjamindevineau.com\/index.php\/wp-json\/wp\/v2\/pages\/119\/revisions"}],"predecessor-version":[{"id":729,"href":"https:\/\/benjamindevineau.com\/index.php\/wp-json\/wp\/v2\/pages\/119\/revisions\/729"}],"wp:attachment":[{"href":"https:\/\/benjamindevineau.com\/index.php\/wp-json\/wp\/v2\/media?parent=119"}],"curies":[{"name":"wp","href":"https:\/\/api.w.org\/{rel}","templated":true}]}}