{"id":441,"date":"2023-06-07T19:30:48","date_gmt":"2023-06-07T17:30:48","guid":{"rendered":"http:\/\/benjamindevineau.com\/?page_id=441"},"modified":"2025-10-21T11:01:07","modified_gmt":"2025-10-21T09:01:07","slug":"cours-initiations","status":"publish","type":"page","link":"https:\/\/benjamindevineau.com\/index.php\/cours-initiations\/","title":{"rendered":"COURS\/ INITIATIONS"},"content":{"rendered":"\t\t<div data-elementor-type=\"wp-page\" data-elementor-id=\"441\" class=\"elementor elementor-441\">\n\t\t\t\t\t\t<section class=\"elementor-section elementor-top-section elementor-element elementor-element-595e1bb elementor-section-boxed elementor-section-height-default elementor-section-height-default\" data-id=\"595e1bb\" data-element_type=\"section\" data-e-type=\"section\">\n\t\t\t\t\t\t<div class=\"elementor-container elementor-column-gap-default\">\n\t\t\t\t\t<div class=\"elementor-column elementor-col-100 elementor-top-column elementor-element elementor-element-b7bd11f\" data-id=\"b7bd11f\" data-element_type=\"column\" data-e-type=\"column\">\n\t\t\t<div class=\"elementor-widget-wrap elementor-element-populated\">\n\t\t\t\t\t\t\t<\/div>\n\t\t<\/div>\n\t\t\t\t\t<\/div>\n\t\t<\/section>\n\t\t\t\t<section class=\"elementor-section elementor-top-section elementor-element elementor-element-bfe079e elementor-section-boxed elementor-section-height-default elementor-section-height-default\" data-id=\"bfe079e\" data-element_type=\"section\" data-e-type=\"section\">\n\t\t\t\t\t\t<div class=\"elementor-container elementor-column-gap-default\">\n\t\t\t\t\t<div class=\"elementor-column elementor-col-100 elementor-top-column elementor-element elementor-element-ab7dd95\" data-id=\"ab7dd95\" data-element_type=\"column\" data-e-type=\"column\">\n\t\t\t<div class=\"elementor-widget-wrap elementor-element-populated\">\n\t\t\t\t\t\t<div class=\"elementor-element elementor-element-3572882 elementor-widget elementor-widget-heading\" data-id=\"3572882\" data-element_type=\"widget\" data-e-type=\"widget\" data-widget_type=\"heading.default\">\n\t\t\t\t<div class=\"elementor-widget-container\">\n\t\t\t\t\t<h2 class=\"elementor-heading-title elementor-size-default\">venez d\u00e9couvrir la c\u00e9ramique seul ou \u00e0 plusieurs<\/h2>\t\t\t\t<\/div>\n\t\t\t\t<\/div>\n\t\t\t\t\t<\/div>\n\t\t<\/div>\n\t\t\t\t\t<\/div>\n\t\t<\/section>\n\t\t\t\t<section class=\"elementor-section elementor-top-section elementor-element elementor-element-aec255d elementor-section-boxed elementor-section-height-default elementor-section-height-default\" data-id=\"aec255d\" data-element_type=\"section\" data-e-type=\"section\">\n\t\t\t\t\t\t<div class=\"elementor-container elementor-column-gap-default\">\n\t\t\t\t\t<div class=\"elementor-column elementor-col-100 elementor-top-column elementor-element elementor-element-7190587\" data-id=\"7190587\" data-element_type=\"column\" data-e-type=\"column\">\n\t\t\t<div class=\"elementor-widget-wrap elementor-element-populated\">\n\t\t\t\t\t\t<div class=\"elementor-element elementor-element-147604e elementor-widget elementor-widget-spacer\" data-id=\"147604e\" data-element_type=\"widget\" data-e-type=\"widget\" data-widget_type=\"spacer.default\">\n\t\t\t\t<div class=\"elementor-widget-container\">\n\t\t\t\t\t\t\t<div class=\"elementor-spacer\">\n\t\t\t<div class=\"elementor-spacer-inner\"><\/div>\n\t\t<\/div>\n\t\t\t\t\t\t<\/div>\n\t\t\t\t<\/div>\n\t\t\t\t\t<\/div>\n\t\t<\/div>\n\t\t\t\t\t<\/div>\n\t\t<\/section>\n\t\t\t\t<section class=\"elementor-section elementor-top-section elementor-element elementor-element-33972d5 elementor-section-boxed elementor-section-height-default elementor-section-height-default\" data-id=\"33972d5\" data-element_type=\"section\" data-e-type=\"section\">\n\t\t\t\t\t\t<div class=\"elementor-container elementor-column-gap-default\">\n\t\t\t\t\t<div class=\"elementor-column elementor-col-100 elementor-top-column elementor-element elementor-element-ee943e9\" data-id=\"ee943e9\" data-element_type=\"column\" data-e-type=\"column\">\n\t\t\t<div class=\"elementor-widget-wrap elementor-element-populated\">\n\t\t\t\t\t\t<div class=\"elementor-element elementor-element-97726ff elementor-widget elementor-widget-text-editor\" data-id=\"97726ff\" data-element_type=\"widget\" data-e-type=\"widget\" data-widget_type=\"text-editor.default\">\n\t\t\t\t<div class=\"elementor-widget-container\">\n\t\t\t\t\t\t\t\t\t<p>Deux formats :<\/p><p>&#8211; ateliers du samedi matin\u00a0 \u00a0 \u00a0 \u00a0 5 places max<\/p><p>&#8211; soir\u00e9es en famille \/ amis\u00a0 \u00a0 \u00a0 \u00a0\u00e0 partir de 5 personnes et 10 max<\/p>\t\t\t\t\t\t\t\t<\/div>\n\t\t\t\t<\/div>\n\t\t\t\t\t<\/div>\n\t\t<\/div>\n\t\t\t\t\t<\/div>\n\t\t<\/section>\n\t\t\t\t<section class=\"elementor-section elementor-top-section elementor-element elementor-element-1868141 elementor-section-boxed elementor-section-height-default elementor-section-height-default\" data-id=\"1868141\" data-element_type=\"section\" data-e-type=\"section\">\n\t\t\t\t\t\t<div class=\"elementor-container elementor-column-gap-default\">\n\t\t\t\t\t<div class=\"elementor-column elementor-col-100 elementor-top-column elementor-element elementor-element-98d95bd\" data-id=\"98d95bd\" data-element_type=\"column\" data-e-type=\"column\">\n\t\t\t<div class=\"elementor-widget-wrap elementor-element-populated\">\n\t\t\t\t\t\t<div class=\"elementor-element elementor-element-895d052 elementor-widget elementor-widget-spacer\" data-id=\"895d052\" data-element_type=\"widget\" data-e-type=\"widget\" data-widget_type=\"spacer.default\">\n\t\t\t\t<div class=\"elementor-widget-container\">\n\t\t\t\t\t\t\t<div class=\"elementor-spacer\">\n\t\t\t<div class=\"elementor-spacer-inner\"><\/div>\n\t\t<\/div>\n\t\t\t\t\t\t<\/div>\n\t\t\t\t<\/div>\n\t\t\t\t\t<\/div>\n\t\t<\/div>\n\t\t\t\t\t<\/div>\n\t\t<\/section>\n\t\t\t\t<section class=\"elementor-section elementor-top-section elementor-element elementor-element-472cea8 elementor-section-boxed elementor-section-height-default elementor-section-height-default\" data-id=\"472cea8\" data-element_type=\"section\" data-e-type=\"section\">\n\t\t\t\t\t\t<div class=\"elementor-container elementor-column-gap-default\">\n\t\t\t\t\t<div class=\"elementor-column elementor-col-100 elementor-top-column elementor-element elementor-element-2b2f6ef\" data-id=\"2b2f6ef\" data-element_type=\"column\" data-e-type=\"column\">\n\t\t\t<div class=\"elementor-widget-wrap elementor-element-populated\">\n\t\t\t\t\t\t<div class=\"elementor-element elementor-element-d1e7646 elementor-widget elementor-widget-heading\" data-id=\"d1e7646\" data-element_type=\"widget\" data-e-type=\"widget\" data-widget_type=\"heading.default\">\n\t\t\t\t<div class=\"elementor-widget-container\">\n\t\t\t\t\t<h2 class=\"elementor-heading-title elementor-size-default\">ateliers du samedi matin<\/h2>\t\t\t\t<\/div>\n\t\t\t\t<\/div>\n\t\t\t\t\t<\/div>\n\t\t<\/div>\n\t\t\t\t\t<\/div>\n\t\t<\/section>\n\t\t\t\t<section class=\"elementor-section elementor-top-section elementor-element elementor-element-01a0237 elementor-section-boxed elementor-section-height-default elementor-section-height-default\" data-id=\"01a0237\" data-element_type=\"section\" data-e-type=\"section\">\n\t\t\t\t\t\t<div class=\"elementor-container elementor-column-gap-default\">\n\t\t\t\t\t<div class=\"elementor-column elementor-col-100 elementor-top-column elementor-element elementor-element-b103ebb\" data-id=\"b103ebb\" data-element_type=\"column\" data-e-type=\"column\">\n\t\t\t<div class=\"elementor-widget-wrap elementor-element-populated\">\n\t\t\t\t\t\t<div class=\"elementor-element elementor-element-0ca8649 elementor-widget elementor-widget-text-editor\" data-id=\"0ca8649\" data-element_type=\"widget\" data-e-type=\"widget\" data-widget_type=\"text-editor.default\">\n\t\t\t\t<div class=\"elementor-widget-container\">\n\t\t\t\t\t\t\t\t\t<p style=\"text-align: left;\">contenu<u> :<\/u><\/p><p>nous commencerons par nous familiariser avec la terre avant de passer au modelage avec la technique du bol pinc\u00e9.\u00a0\u00a0<\/p><p><u>prochaines dates:<\/u><\/p><p>Octobre : 25<\/p><p>Novembre : 1, 8, 15, 22 et 29<\/p><p>Pour ceux qui seront pr\u00e9sents sur plusieurs dates ce sera l&rsquo;occasion de d\u00e9couvrir d&rsquo;autres techniques comme le colombin. ou tout simplement de vous laisser emporter par votre cr\u00e9ativit\u00e9 ! \ud83d\ude42<\/p><p><u>horaires:<\/u>10:00 &#8211; 12:30<\/p><p><u>tarifs :\u00a0<\/u><\/p><p>50\u20ac pour une session (2h30), terre &amp; cuissons comprises<\/p><p>220\u20ac pour les 5 sessions (12h30), terre et cuissons comprises (44\u20acle cours)<\/p>\t\t\t\t\t\t\t\t<\/div>\n\t\t\t\t<\/div>\n\t\t\t\t\t<\/div>\n\t\t<\/div>\n\t\t\t\t\t<\/div>\n\t\t<\/section>\n\t\t\t\t<section class=\"elementor-section elementor-top-section elementor-element elementor-element-5bec315 elementor-section-boxed elementor-section-height-default elementor-section-height-default\" data-id=\"5bec315\" data-element_type=\"section\" data-e-type=\"section\">\n\t\t\t\t\t\t<div class=\"elementor-container elementor-column-gap-default\">\n\t\t\t\t\t<div class=\"elementor-column elementor-col-100 elementor-top-column elementor-element elementor-element-4b05652\" data-id=\"4b05652\" data-element_type=\"column\" data-e-type=\"column\">\n\t\t\t<div class=\"elementor-widget-wrap elementor-element-populated\">\n\t\t\t\t\t\t<div class=\"elementor-element elementor-element-6904095 elementor-widget elementor-widget-heading\" data-id=\"6904095\" data-element_type=\"widget\" data-e-type=\"widget\" data-widget_type=\"heading.default\">\n\t\t\t\t<div class=\"elementor-widget-container\">\n\t\t\t\t\t<h2 class=\"elementor-heading-title elementor-size-default\">soir\u00e9es famille \/ amis<\/h2>\t\t\t\t<\/div>\n\t\t\t\t<\/div>\n\t\t\t\t\t<\/div>\n\t\t<\/div>\n\t\t\t\t\t<\/div>\n\t\t<\/section>\n\t\t\t\t<section class=\"elementor-section elementor-top-section elementor-element elementor-element-8c68351 elementor-section-boxed elementor-section-height-default elementor-section-height-default\" data-id=\"8c68351\" data-element_type=\"section\" data-e-type=\"section\">\n\t\t\t\t\t\t<div class=\"elementor-container elementor-column-gap-default\">\n\t\t\t\t\t<div class=\"elementor-column elementor-col-100 elementor-top-column elementor-element elementor-element-53511d6\" data-id=\"53511d6\" data-element_type=\"column\" data-e-type=\"column\">\n\t\t\t<div class=\"elementor-widget-wrap elementor-element-populated\">\n\t\t\t\t\t\t<div class=\"elementor-element elementor-element-146b9e4 elementor-widget elementor-widget-text-editor\" data-id=\"146b9e4\" data-element_type=\"widget\" data-e-type=\"widget\" data-widget_type=\"text-editor.default\">\n\t\t\t\t<div class=\"elementor-widget-container\">\n\t\t\t\t\t\t\t\t\t<p>l&rsquo;occasion parfaite pour se retrouver, partager avec vos proches un moment dans un lieu privatis\u00e9. chacun se verra recevoir sa cr\u00e9ation quelques jours plus tard.<\/p><p><u>contenu:<\/u><\/p><p>on se familiarise avec la terre\u00a0 &amp; on passe\u00a0Au modelage avec la technique du bol pinc\u00e9 ou du colombin.\u00a0<\/p><p><u>Dates :<\/u><\/p><p>flexible &amp; adaptable, me contacter<\/p><p><u>tarif :<\/u><\/p><p>60\u20ac\/per (2h30) \u00e0 partir de 5 personnes<\/p>\t\t\t\t\t\t\t\t<\/div>\n\t\t\t\t<\/div>\n\t\t\t\t\t<\/div>\n\t\t<\/div>\n\t\t\t\t\t<\/div>\n\t\t<\/section>\n\t\t\t\t<section class=\"elementor-section elementor-top-section elementor-element elementor-element-773a770 elementor-section-boxed elementor-section-height-default elementor-section-height-default\" data-id=\"773a770\" data-element_type=\"section\" data-e-type=\"section\">\n\t\t\t\t\t\t<div class=\"elementor-container elementor-column-gap-default\">\n\t\t\t\t\t<div class=\"elementor-column elementor-col-100 elementor-top-column elementor-element elementor-element-57d4816\" data-id=\"57d4816\" data-element_type=\"column\" data-e-type=\"column\">\n\t\t\t<div class=\"elementor-widget-wrap elementor-element-populated\">\n\t\t\t\t\t\t<div class=\"elementor-element elementor-element-cdcef65 elementor-widget elementor-widget-spacer\" data-id=\"cdcef65\" data-element_type=\"widget\" data-e-type=\"widget\" data-widget_type=\"spacer.default\">\n\t\t\t\t<div class=\"elementor-widget-container\">\n\t\t\t\t\t\t\t<div class=\"elementor-spacer\">\n\t\t\t<div class=\"elementor-spacer-inner\"><\/div>\n\t\t<\/div>\n\t\t\t\t\t\t<\/div>\n\t\t\t\t<\/div>\n\t\t\t\t\t<\/div>\n\t\t<\/div>\n\t\t\t\t\t<\/div>\n\t\t<\/section>\n\t\t\t\t<section class=\"elementor-section elementor-top-section elementor-element elementor-element-611eb06 elementor-section-boxed elementor-section-height-default elementor-section-height-default\" data-id=\"611eb06\" data-element_type=\"section\" data-e-type=\"section\">\n\t\t\t\t\t\t<div class=\"elementor-container elementor-column-gap-default\">\n\t\t\t\t\t<div class=\"elementor-column elementor-col-100 elementor-top-column elementor-element elementor-element-1b30d5a\" data-id=\"1b30d5a\" data-element_type=\"column\" data-e-type=\"column\">\n\t\t\t<div class=\"elementor-widget-wrap elementor-element-populated\">\n\t\t\t\t\t\t<div class=\"elementor-element elementor-element-90bf2dd elementor-widget elementor-widget-text-editor\" data-id=\"90bf2dd\" data-element_type=\"widget\" data-e-type=\"widget\" data-widget_type=\"text-editor.default\">\n\t\t\t\t<div class=\"elementor-widget-container\">\n\t\t\t\t\t\t\t\t\t<p style=\"text-align: center;\">\u00a0<\/p><p><u>pour toute question, et r\u00e9servation c&rsquo;est par e-mail \u00e0\u00a0<\/u><\/p><p><u>ben.devineau@gmail.com ou via la page contact du site<\/u><\/p>\t\t\t\t\t\t\t\t<\/div>\n\t\t\t\t<\/div>\n\t\t\t\t\t<\/div>\n\t\t<\/div>\n\t\t\t\t\t<\/div>\n\t\t<\/section>\n\t\t\t\t<section class=\"elementor-section elementor-top-section elementor-element elementor-element-c2616cf elementor-section-boxed elementor-section-height-default elementor-section-height-default\" data-id=\"c2616cf\" data-element_type=\"section\" data-e-type=\"section\">\n\t\t\t\t\t\t<div class=\"elementor-container elementor-column-gap-default\">\n\t\t\t\t\t<div class=\"elementor-column elementor-col-100 elementor-top-column elementor-element elementor-element-dc4627f\" data-id=\"dc4627f\" data-element_type=\"column\" data-e-type=\"column\">\n\t\t\t<div class=\"elementor-widget-wrap elementor-element-populated\">\n\t\t\t\t\t\t<div class=\"elementor-element elementor-element-a7d3bae elementor-widget elementor-widget-text-editor\" data-id=\"a7d3bae\" data-element_type=\"widget\" data-e-type=\"widget\" data-widget_type=\"text-editor.default\">\n\t\t\t\t<div class=\"elementor-widget-container\">\n\t\t\t\t\t\t\t\t\t<p>Lorem ipsum dolor sit amet, consectetur adipiscing elit. Ut elit tellus, luctus nec ullamcorper mattis, pulvinar dapibus leo.<\/p>\t\t\t\t\t\t\t\t<\/div>\n\t\t\t\t<\/div>\n\t\t\t\t\t<\/div>\n\t\t<\/div>\n\t\t\t\t\t<\/div>\n\t\t<\/section>\n\t\t\t\t<\/div>\n\t\t","protected":false},"excerpt":{"rendered":"<p>venez d\u00e9couvrir la c\u00e9ramique seul ou \u00e0 plusieurs Deux formats : &#8211; ateliers du samedi matin\u00a0 \u00a0 \u00a0 \u00a0 5 places max [&hellip;]<\/p>\n","protected":false},"author":1,"featured_media":0,"parent":0,"menu_order":0,"comment_status":"closed","ping_status":"closed","template":"","meta":{"footnotes":""},"class_list":["post-441","page","type-page","status-publish","hentry"],"yoast_head":"<!-- This site is optimized with the Yoast SEO plugin v27.4 - https:\/\/yoast.com\/product\/yoast-seo-wordpress\/ -->\n<title>COURS\/ INITIATIONS |<\/title>\n<meta name=\"robots\" content=\"index, follow, max-snippet:-1, max-image-preview:large, max-video-preview:-1\" \/>\n<link rel=\"canonical\" href=\"https:\/\/benjamindevineau.com\/index.php\/cours-initiations\/\" \/>\n<meta property=\"og:locale\" content=\"fr_FR\" \/>\n<meta property=\"og:type\" content=\"article\" \/>\n<meta property=\"og:title\" content=\"COURS\/ INITIATIONS |\" \/>\n<meta property=\"og:description\" content=\"venez d\u00e9couvrir la c\u00e9ramique seul ou \u00e0 plusieurs Deux formats : &#8211; ateliers du samedi matin\u00a0 \u00a0 \u00a0 \u00a0 5 places max [&hellip;]\" \/>\n<meta property=\"og:url\" content=\"https:\/\/benjamindevineau.com\/index.php\/cours-initiations\/\" \/>\n<meta property=\"article:modified_time\" content=\"2025-10-21T09:01:07+00:00\" \/>\n<meta name=\"twitter:card\" content=\"summary_large_image\" \/>\n<meta name=\"twitter:label1\" content=\"Dur\u00e9e de lecture estim\u00e9e\" \/>\n\t<meta name=\"twitter:data1\" content=\"2 minutes\" \/>\n<script type=\"application\/ld+json\" class=\"yoast-schema-graph\">{\"@context\":\"https:\\\/\\\/schema.org\",\"@graph\":[{\"@type\":\"WebPage\",\"@id\":\"https:\\\/\\\/benjamindevineau.com\\\/index.php\\\/cours-initiations\\\/\",\"url\":\"https:\\\/\\\/benjamindevineau.com\\\/index.php\\\/cours-initiations\\\/\",\"name\":\"COURS\\\/ INITIATIONS |\",\"isPartOf\":{\"@id\":\"http:\\\/\\\/benjamindevineau.com\\\/#website\"},\"datePublished\":\"2023-06-07T17:30:48+00:00\",\"dateModified\":\"2025-10-21T09:01:07+00:00\",\"breadcrumb\":{\"@id\":\"https:\\\/\\\/benjamindevineau.com\\\/index.php\\\/cours-initiations\\\/#breadcrumb\"},\"inLanguage\":\"fr-FR\",\"potentialAction\":[{\"@type\":\"ReadAction\",\"target\":[\"https:\\\/\\\/benjamindevineau.com\\\/index.php\\\/cours-initiations\\\/\"]}]},{\"@type\":\"BreadcrumbList\",\"@id\":\"https:\\\/\\\/benjamindevineau.com\\\/index.php\\\/cours-initiations\\\/#breadcrumb\",\"itemListElement\":[{\"@type\":\"ListItem\",\"position\":1,\"name\":\"Accueil\",\"item\":\"http:\\\/\\\/benjamindevineau.com\\\/\"},{\"@type\":\"ListItem\",\"position\":2,\"name\":\"COURS\\\/ INITIATIONS\"}]},{\"@type\":\"WebSite\",\"@id\":\"http:\\\/\\\/benjamindevineau.com\\\/#website\",\"url\":\"http:\\\/\\\/benjamindevineau.com\\\/\",\"name\":\"benjamindevineau.com\",\"description\":\"\",\"publisher\":{\"@id\":\"http:\\\/\\\/benjamindevineau.com\\\/#\\\/schema\\\/person\\\/10cb55af53fa011ef0f109f22994687d\"},\"alternateName\":\"benjamin devineau\",\"potentialAction\":[{\"@type\":\"SearchAction\",\"target\":{\"@type\":\"EntryPoint\",\"urlTemplate\":\"http:\\\/\\\/benjamindevineau.com\\\/?s={search_term_string}\"},\"query-input\":{\"@type\":\"PropertyValueSpecification\",\"valueRequired\":true,\"valueName\":\"search_term_string\"}}],\"inLanguage\":\"fr-FR\"},{\"@type\":[\"Person\",\"Organization\"],\"@id\":\"http:\\\/\\\/benjamindevineau.com\\\/#\\\/schema\\\/person\\\/10cb55af53fa011ef0f109f22994687d\",\"name\":\"benjamindevineau\",\"image\":{\"@type\":\"ImageObject\",\"inLanguage\":\"fr-FR\",\"@id\":\"http:\\\/\\\/benjamindevineau.com\\\/wp-content\\\/uploads\\\/2023\\\/02\\\/Capture-decran-2023-02-27-a-21.38.42.png\",\"url\":\"http:\\\/\\\/benjamindevineau.com\\\/wp-content\\\/uploads\\\/2023\\\/02\\\/Capture-decran-2023-02-27-a-21.38.42.png\",\"contentUrl\":\"http:\\\/\\\/benjamindevineau.com\\\/wp-content\\\/uploads\\\/2023\\\/02\\\/Capture-decran-2023-02-27-a-21.38.42.png\",\"width\":970,\"height\":686,\"caption\":\"benjamindevineau\"},\"logo\":{\"@id\":\"http:\\\/\\\/benjamindevineau.com\\\/wp-content\\\/uploads\\\/2023\\\/02\\\/Capture-decran-2023-02-27-a-21.38.42.png\"},\"sameAs\":[\"http:\\\/\\\/benjamindevineau.com\"]}]}<\/script>\n<!-- \/ Yoast SEO plugin. -->","yoast_head_json":{"title":"COURS\/ INITIATIONS |","robots":{"index":"index","follow":"follow","max-snippet":"max-snippet:-1","max-image-preview":"max-image-preview:large","max-video-preview":"max-video-preview:-1"},"canonical":"https:\/\/benjamindevineau.com\/index.php\/cours-initiations\/","og_locale":"fr_FR","og_type":"article","og_title":"COURS\/ INITIATIONS |","og_description":"venez d\u00e9couvrir la c\u00e9ramique seul ou \u00e0 plusieurs Deux formats : &#8211; ateliers du samedi matin\u00a0 \u00a0 \u00a0 \u00a0 5 places max [&hellip;]","og_url":"https:\/\/benjamindevineau.com\/index.php\/cours-initiations\/","article_modified_time":"2025-10-21T09:01:07+00:00","twitter_card":"summary_large_image","twitter_misc":{"Dur\u00e9e de lecture estim\u00e9e":"2 minutes"},"schema":{"@context":"https:\/\/schema.org","@graph":[{"@type":"WebPage","@id":"https:\/\/benjamindevineau.com\/index.php\/cours-initiations\/","url":"https:\/\/benjamindevineau.com\/index.php\/cours-initiations\/","name":"COURS\/ INITIATIONS |","isPartOf":{"@id":"http:\/\/benjamindevineau.com\/#website"},"datePublished":"2023-06-07T17:30:48+00:00","dateModified":"2025-10-21T09:01:07+00:00","breadcrumb":{"@id":"https:\/\/benjamindevineau.com\/index.php\/cours-initiations\/#breadcrumb"},"inLanguage":"fr-FR","potentialAction":[{"@type":"ReadAction","target":["https:\/\/benjamindevineau.com\/index.php\/cours-initiations\/"]}]},{"@type":"BreadcrumbList","@id":"https:\/\/benjamindevineau.com\/index.php\/cours-initiations\/#breadcrumb","itemListElement":[{"@type":"ListItem","position":1,"name":"Accueil","item":"http:\/\/benjamindevineau.com\/"},{"@type":"ListItem","position":2,"name":"COURS\/ INITIATIONS"}]},{"@type":"WebSite","@id":"http:\/\/benjamindevineau.com\/#website","url":"http:\/\/benjamindevineau.com\/","name":"benjamindevineau.com","description":"","publisher":{"@id":"http:\/\/benjamindevineau.com\/#\/schema\/person\/10cb55af53fa011ef0f109f22994687d"},"alternateName":"benjamin devineau","potentialAction":[{"@type":"SearchAction","target":{"@type":"EntryPoint","urlTemplate":"http:\/\/benjamindevineau.com\/?s={search_term_string}"},"query-input":{"@type":"PropertyValueSpecification","valueRequired":true,"valueName":"search_term_string"}}],"inLanguage":"fr-FR"},{"@type":["Person","Organization"],"@id":"http:\/\/benjamindevineau.com\/#\/schema\/person\/10cb55af53fa011ef0f109f22994687d","name":"benjamindevineau","image":{"@type":"ImageObject","inLanguage":"fr-FR","@id":"http:\/\/benjamindevineau.com\/wp-content\/uploads\/2023\/02\/Capture-decran-2023-02-27-a-21.38.42.png","url":"http:\/\/benjamindevineau.com\/wp-content\/uploads\/2023\/02\/Capture-decran-2023-02-27-a-21.38.42.png","contentUrl":"http:\/\/benjamindevineau.com\/wp-content\/uploads\/2023\/02\/Capture-decran-2023-02-27-a-21.38.42.png","width":970,"height":686,"caption":"benjamindevineau"},"logo":{"@id":"http:\/\/benjamindevineau.com\/wp-content\/uploads\/2023\/02\/Capture-decran-2023-02-27-a-21.38.42.png"},"sameAs":["http:\/\/benjamindevineau.com"]}]}},"jetpack_sharing_enabled":true,"_links":{"self":[{"href":"https:\/\/benjamindevineau.com\/index.php\/wp-json\/wp\/v2\/pages\/441","targetHints":{"allow":["GET"]}}],"collection":[{"href":"https:\/\/benjamindevineau.com\/index.php\/wp-json\/wp\/v2\/pages"}],"about":[{"href":"https:\/\/benjamindevineau.com\/index.php\/wp-json\/wp\/v2\/types\/page"}],"author":[{"embeddable":true,"href":"https:\/\/benjamindevineau.com\/index.php\/wp-json\/wp\/v2\/users\/1"}],"replies":[{"embeddable":true,"href":"https:\/\/benjamindevineau.com\/index.php\/wp-json\/wp\/v2\/comments?post=441"}],"version-history":[{"count":117,"href":"https:\/\/benjamindevineau.com\/index.php\/wp-json\/wp\/v2\/pages\/441\/revisions"}],"predecessor-version":[{"id":803,"href":"https:\/\/benjamindevineau.com\/index.php\/wp-json\/wp\/v2\/pages\/441\/revisions\/803"}],"wp:attachment":[{"href":"https:\/\/benjamindevineau.com\/index.php\/wp-json\/wp\/v2\/media?parent=441"}],"curies":[{"name":"wp","href":"https:\/\/api.w.org\/{rel}","templated":true}]}}